{"id":49,"date":"2022-03-18T10:05:14","date_gmt":"2022-03-18T10:05:14","guid":{"rendered":"http:\/\/dohoakientruc.vn\/?page_id=49"},"modified":"2026-02-06T16:23:30","modified_gmt":"2026-02-06T16:23:30","slug":"sketchup","status":"publish","type":"page","link":"http:\/\/dohoakientruc.vn\/index.php\/sketchup\/","title":{"rendered":"Sketchup"},"content":{"rendered":"\t\t<div data-elementor-type=\"wp-page\" data-elementor-id=\"49\" class=\"elementor elementor-49\">\n\t\t\t\t\t\t\t\t\t<section class=\"elementor-section elementor-top-section elementor-element elementor-element-9c0baa6 elementor-section-boxed elementor-section-height-default elementor-section-height-default\" data-id=\"9c0baa6\" data-element_type=\"section\">\n\t\t\t\t\t\t<div class=\"elementor-container elementor-column-gap-default\">\n\t\t\t\t\t<div class=\"elementor-column elementor-col-100 elementor-top-column elementor-element elementor-element-4b203aa\" data-id=\"4b203aa\" data-element_type=\"column\">\n\t\t\t<div class=\"elementor-widget-wrap elementor-element-populated\">\n\t\t\t\t\t\t\t\t<div class=\"elementor-element elementor-element-083fd99 elementor-widget elementor-widget-heading\" data-id=\"083fd99\" data-element_type=\"widget\" data-widget_type=\"heading.default\">\n\t\t\t\t<div class=\"elementor-widget-container\">\n\t\t\t<style>\/*! elementor - v3.12.2 - 23-04-2023 *\/\n.elementor-heading-title{padding:0;margin:0;line-height:1}.elementor-widget-heading .elementor-heading-title[class*=elementor-size-]>a{color:inherit;font-size:inherit;line-height:inherit}.elementor-widget-heading .elementor-heading-title.elementor-size-small{font-size:15px}.elementor-widget-heading .elementor-heading-title.elementor-size-medium{font-size:19px}.elementor-widget-heading .elementor-heading-title.elementor-size-large{font-size:29px}.elementor-widget-heading .elementor-heading-title.elementor-size-xl{font-size:39px}.elementor-widget-heading .elementor-heading-title.elementor-size-xxl{font-size:59px}<\/style><h5 class=\"elementor-heading-title elementor-size-default\">Th\u00f4ng tin kho\u00e1 h\u1ecdc sketchup - Vray<\/h5>\t\t<\/div>\n\t\t\t\t<\/div>\n\t\t\t\t\t<\/div>\n\t\t<\/div>\n\t\t\t\t\t\t\t<\/div>\n\t\t<\/section>\n\t\t\t\t<section class=\"elementor-section elementor-top-section elementor-element elementor-element-328581ea elementor-section-boxed elementor-section-height-default elementor-section-height-default\" data-id=\"328581ea\" data-element_type=\"section\">\n\t\t\t\t\t\t<div class=\"elementor-container elementor-column-gap-default\">\n\t\t\t\t\t<div class=\"elementor-column elementor-col-100 elementor-top-column elementor-element elementor-element-7613d0fc\" data-id=\"7613d0fc\" data-element_type=\"column\">\n\t\t\t<div class=\"elementor-widget-wrap elementor-element-populated\">\n\t\t\t\t\t\t\t\t<div class=\"elementor-element elementor-element-4405e009 elementor-widget elementor-widget-text-editor\" data-id=\"4405e009\" data-element_type=\"widget\" data-widget_type=\"text-editor.default\">\n\t\t\t\t<div class=\"elementor-widget-container\">\n\t\t\t<style>\/*! elementor - v3.12.2 - 23-04-2023 *\/\n.elementor-widget-text-editor.elementor-drop-cap-view-stacked .elementor-drop-cap{background-color:#69727d;color:#fff}.elementor-widget-text-editor.elementor-drop-cap-view-framed .elementor-drop-cap{color:#69727d;border:3px solid;background-color:transparent}.elementor-widget-text-editor:not(.elementor-drop-cap-view-default) .elementor-drop-cap{margin-top:8px}.elementor-widget-text-editor:not(.elementor-drop-cap-view-default) .elementor-drop-cap-letter{width:1em;height:1em}.elementor-widget-text-editor .elementor-drop-cap{float:left;text-align:center;line-height:1;font-size:50px}.elementor-widget-text-editor .elementor-drop-cap-letter{display:inline-block}<\/style>\t\t\t\t<p><!-- wp:paragraph --><\/p>\n<p><strong><em>\u01afU \u0110\u00c3I GI\u1ea2M 15% H\u1eccC PH\u00cd&nbsp;<\/em><\/strong><\/p>\n<p><!-- \/wp:paragraph --><!-- wp:paragraph --><\/p>\n<p>Khai gi\u1ea3ng: 02\/03\/2026<\/p>\n<p><!-- \/wp:paragraph --><!-- wp:paragraph --><\/p>\n<p><em>( Mi\u1ec5n ph\u00ed gi\u00e1o tr\u00ecnh, th\u01b0 vi\u1ec7n, t\u00e0i li\u1ec7u )<\/em><\/p>\n<p><!-- \/wp:paragraph --><!-- wp:paragraph --><\/p>\n<p>\u0110\u1ed1i t\u01b0\u1ee3ng tham gia: D\u00e0nh cho ng\u01b0\u1edfi m\u1edbi b\u1eaft \u0111\u1ea7u, kh\u00f4ng c\u1ea7n kinh nghi\u1ec7m, b\u1eb1ng c\u1ea5p<\/p>\n<p><!-- \/wp:paragraph --><!-- wp:paragraph --><\/p>\n<p>Th\u1eddi l\u01b0\u1ee3ng kh\u00f3a h\u1ecdc:&nbsp; 28h&nbsp; ( Sketchup 14b, Vray Sketchup 12b )<\/p>\n<p><!-- \/wp:paragraph --><!-- wp:paragraph --><\/p>\n<p>Th\u1eddi gian h\u1ecdc: 18h30 \u0111\u1ebfn 20h30 ( t\u1ed1i 2-4-6 ho\u1eb7c 3-5-7 )<\/p>\n<p><!-- \/wp:paragraph --><!-- wp:image {\"id\":225,\"sizeSlug\":\"large\",\"linkDestination\":\"none\"} --><!-- \/wp:image --><!-- wp:paragraph --><\/p>\n<p>\u0110\u1ecba ch\u1ec9 h\u1ecdc: 82 \u0110\u01b0\u1eddng Ho\u00e0ng Di\u1ec7u 2, Ph\u01b0\u1eddng Linh Chi\u1ec3u , TP. Th\u1ee7 \u0110\u1ee9c, HCM<\/p>\n<p><!-- \/wp:paragraph --><!-- wp:paragraph --><\/p>\n<p>Hotline: 0906 367 097 ( Zalo )<\/p>\n<p><!-- \/wp:paragraph --><\/p>\t\t\t\t\t\t<\/div>\n\t\t\t\t<\/div>\n\t\t\t\t\t<\/div>\n\t\t<\/div>\n\t\t\t\t\t\t\t<\/div>\n\t\t<\/section>\n\t\t\t\t<section class=\"elementor-section elementor-top-section elementor-element elementor-element-dbd8894 elementor-section-boxed elementor-section-height-default elementor-section-height-default\" data-id=\"dbd8894\" data-element_type=\"section\">\n\t\t\t\t\t\t<div class=\"elementor-container elementor-column-gap-default\">\n\t\t\t\t\t<div class=\"elementor-column elementor-col-100 elementor-top-column elementor-element elementor-element-0b9f181\" data-id=\"0b9f181\" data-element_type=\"column\">\n\t\t\t<div class=\"elementor-widget-wrap elementor-element-populated\">\n\t\t\t\t\t\t\t\t<div class=\"elementor-element elementor-element-a32d33d elementor-widget elementor-widget-heading\" data-id=\"a32d33d\" data-element_type=\"widget\" data-widget_type=\"heading.default\">\n\t\t\t\t<div class=\"elementor-widget-container\">\n\t\t\t<h5 class=\"elementor-heading-title elementor-size-default\">SKETCHUP L\u00c0 G\u00cc ?<\/h5>\t\t<\/div>\n\t\t\t\t<\/div>\n\t\t\t\t\t<\/div>\n\t\t<\/div>\n\t\t\t\t\t\t\t<\/div>\n\t\t<\/section>\n\t\t\t\t<section class=\"elementor-section elementor-top-section elementor-element elementor-element-ec635a9 elementor-section-boxed elementor-section-height-default elementor-section-height-default\" data-id=\"ec635a9\" data-element_type=\"section\">\n\t\t\t\t\t\t<div class=\"elementor-container elementor-column-gap-default\">\n\t\t\t\t\t<div class=\"elementor-column elementor-col-100 elementor-top-column elementor-element elementor-element-1974f8a\" data-id=\"1974f8a\" data-element_type=\"column\">\n\t\t\t<div class=\"elementor-widget-wrap elementor-element-populated\">\n\t\t\t\t\t\t\t\t<div class=\"elementor-element elementor-element-5d2c74a elementor-widget elementor-widget-text-editor\" data-id=\"5d2c74a\" data-element_type=\"widget\" data-widget_type=\"text-editor.default\">\n\t\t\t\t<div class=\"elementor-widget-container\">\n\t\t\t\t\t\t\t<p>SketchUp l\u00e0 m\u1ed9t ph\u1ea7n m\u1ec1m thi\u1ebft k\u1ebf m\u00f4 h\u00ecnh 3D v\u00e0 t\u1ea1o h\u00ecnh d\u1ea1ng cho c\u00e1c \u0111\u1ed1i t\u01b0\u1ee3ng kh\u00e1c nhau, \u0111\u01b0\u1ee3c ph\u00e1t tri\u1ec3n b\u1edfi c\u00f4ng ty Trimble Inc. SketchUp s\u1edf h\u1eefu giao di\u1ec7n \u0111\u1ed3 h\u1ecda \u0111\u01a1n gi\u1ea3n, th\u00e2n thi\u1ec7n, cho ph\u00e9p ng\u01b0\u1eddi d\u00f9ng d\u1ec5 d\u00e0ng t\u1ea1o ra c\u00e1c m\u00f4 h\u00ecnh 3D t\u1eeb vi\u1ec7c s\u1eed d\u1ee5ng c\u00e1c icon. SketchUp th\u01b0\u1eddng \u0111\u01b0\u1ee3c s\u1eed d\u1ee5ng trong l\u0129nh v\u1ef1c ki\u1ebfn tr\u00fac, n\u1ed9i th\u1ea5t, thi\u1ebft k\u1ebf \u0111\u1ed3 h\u1ecda v\u00e0 s\u1ea3n xu\u1ea5t c\u00f4ng nghi\u1ec7p.<\/p>\t\t\t\t\t\t<\/div>\n\t\t\t\t<\/div>\n\t\t\t\t\t<\/div>\n\t\t<\/div>\n\t\t\t\t\t\t\t<\/div>\n\t\t<\/section>\n\t\t\t\t<section class=\"elementor-section elementor-top-section elementor-element elementor-element-5b999f7 elementor-section-boxed elementor-section-height-default elementor-section-height-default\" data-id=\"5b999f7\" data-element_type=\"section\">\n\t\t\t\t\t\t<div class=\"elementor-container elementor-column-gap-default\">\n\t\t\t\t\t<div class=\"elementor-column elementor-col-100 elementor-top-column elementor-element elementor-element-1a2a5ca\" data-id=\"1a2a5ca\" data-element_type=\"column\">\n\t\t\t<div class=\"elementor-widget-wrap elementor-element-populated\">\n\t\t\t\t\t\t\t\t<div class=\"elementor-element elementor-element-e76203e elementor-widget elementor-widget-video\" data-id=\"e76203e\" data-element_type=\"widget\" data-settings=\"{&quot;video_type&quot;:&quot;hosted&quot;,&quot;controls&quot;:&quot;yes&quot;}\" data-widget_type=\"video.default\">\n\t\t\t\t<div class=\"elementor-widget-container\">\n\t\t\t<style>\/*! elementor - v3.12.2 - 23-04-2023 *\/\n.elementor-widget-video .elementor-widget-container{overflow:hidden;transform:translateZ(0)}.elementor-widget-video .elementor-wrapper iframe,.elementor-widget-video .elementor-wrapper video{height:100%;width:100%;display:flex;border:none;background-color:#000}.elementor-widget-video .elementor-open-inline .elementor-custom-embed-image-overlay{position:absolute;top:0;left:0;width:100%;height:100%;background-size:cover;background-position:50%}.elementor-widget-video .elementor-custom-embed-image-overlay{cursor:pointer;text-align:center}.elementor-widget-video .elementor-custom-embed-image-overlay:hover .elementor-custom-embed-play i{opacity:1}.elementor-widget-video .elementor-custom-embed-image-overlay img{display:block;width:100%}.elementor-widget-video .e-hosted-video .elementor-video{-o-object-fit:cover;object-fit:cover}.e-con-inner>.elementor-widget-video,.e-con>.elementor-widget-video{width:var(--container-widget-width);--flex-grow:var(--container-widget-flex-grow)}<\/style>\t\t<div class=\"e-hosted-video elementor-wrapper elementor-open-inline\">\n\t\t\t\t\t<video class=\"elementor-video\" src=\"http:\/\/dohoakientruc.vn\/wp-content\/uploads\/2024\/07\/0401-1.mp4\" controls=\"\" preload=\"metadata\" controlsList=\"nodownload\"><\/video>\n\t\t\t\t<\/div>\n\t\t\t\t<\/div>\n\t\t\t\t<\/div>\n\t\t\t\t\t<\/div>\n\t\t<\/div>\n\t\t\t\t\t\t\t<\/div>\n\t\t<\/section>\n\t\t\t\t<section class=\"elementor-section elementor-top-section elementor-element elementor-element-aac3339 elementor-section-boxed elementor-section-height-default elementor-section-height-default\" data-id=\"aac3339\" data-element_type=\"section\">\n\t\t\t\t\t\t<div class=\"elementor-container elementor-column-gap-default\">\n\t\t\t\t\t<div class=\"elementor-column elementor-col-50 elementor-top-column elementor-element elementor-element-ec98aba\" data-id=\"ec98aba\" data-element_type=\"column\">\n\t\t\t<div class=\"elementor-widget-wrap elementor-element-populated\">\n\t\t\t\t\t\t\t\t<div class=\"elementor-element elementor-element-7a3cb9e elementor-widget elementor-widget-image\" data-id=\"7a3cb9e\" data-element_type=\"widget\" data-widget_type=\"image.default\">\n\t\t\t\t<div class=\"elementor-widget-container\">\n\t\t\t<style>\/*! elementor - v3.12.2 - 23-04-2023 *\/\n.elementor-widget-image{text-align:center}.elementor-widget-image a{display:inline-block}.elementor-widget-image a img[src$=\".svg\"]{width:48px}.elementor-widget-image img{vertical-align:middle;display:inline-block}<\/style>\t\t\t\t\t\t\t\t\t\t\t\t<img decoding=\"async\" width=\"806\" height=\"1024\" src=\"http:\/\/dohoakientruc.vn\/wp-content\/uploads\/2023\/06\/353456457_711725790960322_1842765809567055140_n-806x1024.jpg\" class=\"attachment-large size-large wp-image-541\" alt=\"\" loading=\"lazy\" srcset=\"http:\/\/dohoakientruc.vn\/wp-content\/uploads\/2023\/06\/353456457_711725790960322_1842765809567055140_n-806x1024.jpg 806w, http:\/\/dohoakientruc.vn\/wp-content\/uploads\/2023\/06\/353456457_711725790960322_1842765809567055140_n-236x300.jpg 236w, http:\/\/dohoakientruc.vn\/wp-content\/uploads\/2023\/06\/353456457_711725790960322_1842765809567055140_n-768x976.jpg 768w, http:\/\/dohoakientruc.vn\/wp-content\/uploads\/2023\/06\/353456457_711725790960322_1842765809567055140_n-600x763.jpg 600w, http:\/\/dohoakientruc.vn\/wp-content\/uploads\/2023\/06\/353456457_711725790960322_1842765809567055140_n.jpg 1166w\" sizes=\"(max-width: 806px) 100vw, 806px\" \/>\t\t\t\t\t\t\t\t\t\t\t\t\t\t\t<\/div>\n\t\t\t\t<\/div>\n\t\t\t\t\t<\/div>\n\t\t<\/div>\n\t\t\t\t<div class=\"elementor-column elementor-col-50 elementor-top-column elementor-element elementor-element-26420b9\" data-id=\"26420b9\" data-element_type=\"column\">\n\t\t\t<div class=\"elementor-widget-wrap elementor-element-populated\">\n\t\t\t\t\t\t\t\t<div class=\"elementor-element elementor-element-5f21681 elementor-widget elementor-widget-image\" data-id=\"5f21681\" data-element_type=\"widget\" data-widget_type=\"image.default\">\n\t\t\t\t<div class=\"elementor-widget-container\">\n\t\t\t\t\t\t\t\t\t\t\t\t\t\t\t<img decoding=\"async\" width=\"806\" height=\"1024\" src=\"http:\/\/dohoakientruc.vn\/wp-content\/uploads\/2023\/06\/352968310_711725800960321_8700648197743521337_n-806x1024.jpg\" class=\"attachment-large size-large wp-image-542\" alt=\"\" loading=\"lazy\" srcset=\"http:\/\/dohoakientruc.vn\/wp-content\/uploads\/2023\/06\/352968310_711725800960321_8700648197743521337_n-806x1024.jpg 806w, http:\/\/dohoakientruc.vn\/wp-content\/uploads\/2023\/06\/352968310_711725800960321_8700648197743521337_n-236x300.jpg 236w, http:\/\/dohoakientruc.vn\/wp-content\/uploads\/2023\/06\/352968310_711725800960321_8700648197743521337_n-768x976.jpg 768w, http:\/\/dohoakientruc.vn\/wp-content\/uploads\/2023\/06\/352968310_711725800960321_8700648197743521337_n-600x763.jpg 600w, http:\/\/dohoakientruc.vn\/wp-content\/uploads\/2023\/06\/352968310_711725800960321_8700648197743521337_n.jpg 1166w\" sizes=\"(max-width: 806px) 100vw, 806px\" \/>\t\t\t\t\t\t\t\t\t\t\t\t\t\t\t<\/div>\n\t\t\t\t<\/div>\n\t\t\t\t\t<\/div>\n\t\t<\/div>\n\t\t\t\t\t\t\t<\/div>\n\t\t<\/section>\n\t\t\t\t<section class=\"elementor-section elementor-top-section elementor-element elementor-element-b249743 elementor-section-boxed elementor-section-height-default elementor-section-height-default\" data-id=\"b249743\" data-element_type=\"section\">\n\t\t\t\t\t\t<div class=\"elementor-container elementor-column-gap-default\">\n\t\t\t\t\t<div class=\"elementor-column elementor-col-100 elementor-top-column elementor-element elementor-element-821e41f\" data-id=\"821e41f\" data-element_type=\"column\">\n\t\t\t<div class=\"elementor-widget-wrap elementor-element-populated\">\n\t\t\t\t\t\t\t\t<div class=\"elementor-element elementor-element-445571c elementor-widget elementor-widget-heading\" data-id=\"445571c\" data-element_type=\"widget\" data-widget_type=\"heading.default\">\n\t\t\t\t<div class=\"elementor-widget-container\">\n\t\t\t<h5 class=\"elementor-heading-title elementor-size-default\">Sketchup c\u00f3 th\u00edch h\u1ee3p cho ng\u01b0\u1eddi m\u1edbi h\u1ecdc ?<\/h5>\t\t<\/div>\n\t\t\t\t<\/div>\n\t\t\t\t\t<\/div>\n\t\t<\/div>\n\t\t\t\t\t\t\t<\/div>\n\t\t<\/section>\n\t\t\t\t<section class=\"elementor-section elementor-top-section elementor-element elementor-element-4b74bbb elementor-section-boxed elementor-section-height-default elementor-section-height-default\" data-id=\"4b74bbb\" data-element_type=\"section\">\n\t\t\t\t\t\t<div class=\"elementor-container elementor-column-gap-default\">\n\t\t\t\t\t<div class=\"elementor-column elementor-col-100 elementor-top-column elementor-element elementor-element-94123d5\" data-id=\"94123d5\" data-element_type=\"column\">\n\t\t\t<div class=\"elementor-widget-wrap elementor-element-populated\">\n\t\t\t\t\t\t\t\t<div class=\"elementor-element elementor-element-affbd7b elementor-widget elementor-widget-text-editor\" data-id=\"affbd7b\" data-element_type=\"widget\" data-widget_type=\"text-editor.default\">\n\t\t\t\t<div class=\"elementor-widget-container\">\n\t\t\t\t\t\t\t<p>SketchUp r\u1ea5t th\u00edch h\u1ee3p cho nh\u1eefng b\u1ea1n m\u1edbi b\u1eaft \u0111\u1ea7u. Ph\u1ea7n m\u1ec1m n\u00e0y h\u1ed9i t\u1ee5 \u0111\u1ee7 3 y\u1ebfu t\u1ed1: <strong>Nhanh, \u0111\u01a1n gi\u1ea3n, d\u1ec5 s\u1eed dung<\/strong>, s\u1ebd l\u00e0 s\u1ef1 l\u1ef1a ch\u1ecdn v\u00f4 c\u00f9ng th\u00edch h\u1ee3p cho ng\u01b0\u1eddi m\u1edbi h\u1ecdc, \u0111\u1eb7c bi\u1ec7t l\u00e0 trong l\u0129nh v\u1ef1c thi\u1ebft k\u1ebf v\u00e0 ki\u1ebfn tr\u00fac. Ph\u1ea7n m\u1ec1m c\u00f3 giao di\u1ec7n \u0111\u01a1n gi\u1ea3n, d\u1ec5 s\u1eed d\u1ee5ng v\u00e0 c\u00f3 nhi\u1ec1u t\u00ednh n\u0103ng h\u1eefu \u00edch \u0111\u1ec3 gi\u00fap ng\u01b0\u1eddi d\u00f9ng t\u1ea1o ra m\u00f4 h\u00ecnh 3D d\u1ec5 d\u00e0ng. SketchUp c\u0169ng cung c\u1ea5p nhi\u1ec1u t\u00e0i nguy\u00ean mi\u1ec5n ph\u00ed nh\u01b0 video h\u01b0\u1edbng d\u1eabn, t\u00e0i li\u1ec7u v\u00e0 di\u1ec5n \u0111\u00e0n c\u1ed9ng \u0111\u1ed3ng \u0111\u1ec3 gi\u00fap ng\u01b0\u1eddi d\u00f9ng m\u1edbi b\u1eaft \u0111\u1ea7u l\u00e0m quen v\u00e0 h\u1ecdc t\u1eadp ph\u1ea7n m\u1ec1m. N\u1ebfu b\u1ea1n \u0111ang t\u00ecm ki\u1ebfm m\u1ed9t ph\u1ea7n m\u1ec1m thi\u1ebft k\u1ebf 3D \u0111\u01a1n gi\u1ea3n v\u00e0 d\u1ec5 s\u1eed d\u1ee5ng, SketchUp l\u00e0 m\u1ed9t l\u1ef1a ch\u1ecdn tuy\u1ec7t v\u1eddi cho b\u1ea1n.<\/p>\t\t\t\t\t\t<\/div>\n\t\t\t\t<\/div>\n\t\t\t\t\t<\/div>\n\t\t<\/div>\n\t\t\t\t\t\t\t<\/div>\n\t\t<\/section>\n\t\t\t\t<section class=\"elementor-section elementor-top-section elementor-element elementor-element-a220ab7 elementor-section-boxed elementor-section-height-default elementor-section-height-default\" data-id=\"a220ab7\" data-element_type=\"section\">\n\t\t\t\t\t\t<div class=\"elementor-container elementor-column-gap-default\">\n\t\t\t\t\t<div class=\"elementor-column elementor-col-50 elementor-top-column elementor-element elementor-element-0277ae6\" data-id=\"0277ae6\" data-element_type=\"column\">\n\t\t\t<div class=\"elementor-widget-wrap elementor-element-populated\">\n\t\t\t\t\t\t\t\t<div class=\"elementor-element elementor-element-3dc6f70 elementor-widget elementor-widget-image\" data-id=\"3dc6f70\" data-element_type=\"widget\" data-widget_type=\"image.default\">\n\t\t\t\t<div class=\"elementor-widget-container\">\n\t\t\t\t\t\t\t\t\t\t\t\t\t\t\t<img decoding=\"async\" width=\"1024\" height=\"576\" src=\"http:\/\/dohoakientruc.vn\/wp-content\/uploads\/2023\/07\/352307339_718076706991897_1720866619453454662_n-1024x576.jpg\" class=\"attachment-large size-large wp-image-625\" alt=\"\" loading=\"lazy\" srcset=\"http:\/\/dohoakientruc.vn\/wp-content\/uploads\/2023\/07\/352307339_718076706991897_1720866619453454662_n-1024x576.jpg 1024w, http:\/\/dohoakientruc.vn\/wp-content\/uploads\/2023\/07\/352307339_718076706991897_1720866619453454662_n-300x169.jpg 300w, http:\/\/dohoakientruc.vn\/wp-content\/uploads\/2023\/07\/352307339_718076706991897_1720866619453454662_n-768x432.jpg 768w, http:\/\/dohoakientruc.vn\/wp-content\/uploads\/2023\/07\/352307339_718076706991897_1720866619453454662_n-1536x864.jpg 1536w, http:\/\/dohoakientruc.vn\/wp-content\/uploads\/2023\/07\/352307339_718076706991897_1720866619453454662_n-600x338.jpg 600w, http:\/\/dohoakientruc.vn\/wp-content\/uploads\/2023\/07\/352307339_718076706991897_1720866619453454662_n.jpg 2048w\" sizes=\"(max-width: 1024px) 100vw, 1024px\" \/>\t\t\t\t\t\t\t\t\t\t\t\t\t\t\t<\/div>\n\t\t\t\t<\/div>\n\t\t\t\t\t<\/div>\n\t\t<\/div>\n\t\t\t\t<div class=\"elementor-column elementor-col-50 elementor-top-column elementor-element elementor-element-8260fae\" data-id=\"8260fae\" data-element_type=\"column\">\n\t\t\t<div class=\"elementor-widget-wrap elementor-element-populated\">\n\t\t\t\t\t\t\t\t<div class=\"elementor-element elementor-element-97abd8b elementor-widget elementor-widget-image\" data-id=\"97abd8b\" data-element_type=\"widget\" data-widget_type=\"image.default\">\n\t\t\t\t<div class=\"elementor-widget-container\">\n\t\t\t\t\t\t\t\t\t\t\t\t\t\t\t<img decoding=\"async\" src=\"http:\/\/dohoakientruc.vn\/wp-content\/uploads\/elementor\/thumbs\/353003957_711726170960284_6850219350283389904_n-q8t6br3czj058fg7vaqsw7g31rzivweobn055tafb4.jpg\" title=\"353003957_711726170960284_6850219350283389904_n\" alt=\"353003957_711726170960284_6850219350283389904_n\" loading=\"lazy\" \/>\t\t\t\t\t\t\t\t\t\t\t\t\t\t\t<\/div>\n\t\t\t\t<\/div>\n\t\t\t\t\t<\/div>\n\t\t<\/div>\n\t\t\t\t\t\t\t<\/div>\n\t\t<\/section>\n\t\t\t\t<section class=\"elementor-section elementor-top-section elementor-element elementor-element-15fdd05 elementor-section-boxed elementor-section-height-default elementor-section-height-default\" data-id=\"15fdd05\" data-element_type=\"section\">\n\t\t\t\t\t\t<div class=\"elementor-container elementor-column-gap-default\">\n\t\t\t\t\t<div class=\"elementor-column elementor-col-100 elementor-top-column elementor-element elementor-element-b778081\" data-id=\"b778081\" data-element_type=\"column\">\n\t\t\t<div class=\"elementor-widget-wrap elementor-element-populated\">\n\t\t\t\t\t\t\t\t<div class=\"elementor-element elementor-element-dfa856e elementor-widget elementor-widget-heading\" data-id=\"dfa856e\" data-element_type=\"widget\" data-widget_type=\"heading.default\">\n\t\t\t\t<div class=\"elementor-widget-container\">\n\t\t\t<h5 class=\"elementor-heading-title elementor-size-default\">C\u00e1c \u01b0u \u0111i\u1ec3m c\u1ee7a sketchup<\/h5>\t\t<\/div>\n\t\t\t\t<\/div>\n\t\t\t\t\t<\/div>\n\t\t<\/div>\n\t\t\t\t\t\t\t<\/div>\n\t\t<\/section>\n\t\t\t\t<section class=\"elementor-section elementor-top-section elementor-element elementor-element-65cae24 elementor-section-boxed elementor-section-height-default elementor-section-height-default\" data-id=\"65cae24\" data-element_type=\"section\">\n\t\t\t\t\t\t<div class=\"elementor-container elementor-column-gap-default\">\n\t\t\t\t\t<div class=\"elementor-column elementor-col-100 elementor-top-column elementor-element elementor-element-ef895aa\" data-id=\"ef895aa\" data-element_type=\"column\">\n\t\t\t<div class=\"elementor-widget-wrap elementor-element-populated\">\n\t\t\t\t\t\t\t\t<div class=\"elementor-element elementor-element-7bac891 elementor-widget elementor-widget-text-editor\" data-id=\"7bac891\" data-element_type=\"widget\" data-widget_type=\"text-editor.default\">\n\t\t\t\t<div class=\"elementor-widget-container\">\n\t\t\t\t\t\t\t<ol>\n<li>\n<p>Giao di\u1ec7n \u0111\u01a1n gi\u1ea3n, d\u1ec5 s\u1eed d\u1ee5ng: SketchUp c\u00f3 giao di\u1ec7n \u0111\u01a1n gi\u1ea3n, \u0111\u1ed3 h\u1ecda r\u00f5 r\u00e0ng, c\u00e1c c\u00f4ng c\u1ee5 \u0111\u01b0\u1ee3c s\u1eafp x\u1ebfp \u1edf v\u1ecb tr\u00ed d\u1ec5 t\u00ecm ki\u1ebfm, gi\u00fap ng\u01b0\u1eddi d\u00f9ng d\u1ec5 d\u00e0ng t\u1ea1o ra nh\u1eefng m\u00f4 h\u00ecnh 3D.<\/p>\n<\/li>\n<li>\n<p>To\u00e0n di\u1ec7n v\u00e0 linh ho\u1ea1t: SketchUp cung c\u1ea5p nhi\u1ec1u c\u00f4ng c\u1ee5 \u0111\u1ec3 t\u1ea1o ra c\u00e1c m\u00f4 h\u00ecnh 3D chi ti\u1ebft v\u00e0 ch\u00e2n th\u1ef1c. SketchUp c\u0169ng c\u00f3 nhi\u1ec1u t\u00ednh n\u0103ng m\u1edf r\u1ed9ng \u0111\u1ec3 c\u1ea3i thi\u1ec7n hi\u1ec7u su\u1ea5t v\u00e0 t\u00f9y ch\u1ec9nh giao di\u1ec7n.<\/p>\n<\/li>\n<li>\n<p>T\u00edch h\u1ee3p tr\u1ef1c quan: Giao di\u1ec7n SketchUp \u0111\u01b0\u1ee3c thi\u1ebft k\u1ebf \u0111\u1ec3 \u0111\u1ed3ng b\u1ed9 v\u1edbi c\u00e1c c\u00f4ng c\u1ee5 l\u00e0m 3D kh\u00e1c, gi\u00fap ng\u01b0\u1eddi d\u00f9ng d\u1ec5 d\u00e0ng t\u01b0\u01a1ng t\u00e1c v\u1edbi c\u00e1c th\u00e0nh ph\u1ea7n kh\u00e1c c\u1ee7a qu\u00e1 tr\u00ecnh thi\u1ebft k\u1ebf, nh\u01b0 v\u1ebd tay t\u1ef1 do, ph\u00f3ng to, thu nh\u1ecf v\u00e0 xoay c\u00e1c m\u00f4 h\u00ecnh.<\/p>\n<\/li>\n<li>\n<p>Kh\u1ea3 n\u0103ng h\u1ed7 tr\u1ee3 nhi\u1ec1u \u0111\u1ecbnh d\u1ea1ng t\u1ec7p: SketchUp h\u1ed7 tr\u1ee3 nhi\u1ec1u \u0111\u1ecbnh d\u1ea1ng t\u1ec7p nh\u01b0 DWG, DXF, 3DS, DAE, KMZ, TIF, JPG, PNG, v.v., gi\u00fap ng\u01b0\u1eddi d\u00f9ng d\u1ec5 d\u00e0ng chia s\u1ebb v\u00e0 xu\u1ea5t b\u1ea3n c\u00e1c m\u00f4 h\u00ecnh.<\/p>\n<\/li>\n<li>\n<p>H\u1ed7 tr\u1ee3 c\u1ed9ng \u0111\u1ed3ng m\u1ea1nh m\u1ebd: C\u1ed9ng \u0111\u1ed3ng SketchUp r\u1ea5t \u0111\u00f4ng \u0111\u1ea3o v\u00e0 t\u00edch c\u1ef1c, v\u1edbi nhi\u1ec1u t\u00e0i nguy\u00ean mi\u1ec5n ph\u00ed, video h\u01b0\u1edbng d\u1eabn v\u00e0 forum \u0111\u1ec3 gi\u00fap ng\u01b0\u1eddi d\u00f9ng gi\u1ea3i \u0111\u00e1p c\u00e1c v\u1ea5n \u0111\u1ec1 c\u1ea7n thi\u1ebft.<\/p>\n<\/li>\n<li>Thi\u1ebft k\u1ebf chu\u1ea9n x\u00e1c: M\u1eb7c d\u00f9 l\u00e0 ph\u1ea7n m\u1ec1m \u0111\u01a1n gi\u1ea3n, d\u1ec5 s\u1eed d\u1ee5ng nh\u01b0ng SketchUp c\u0169ng kh\u00f4ng h\u1ec1 t\u1ea7m th\u01b0\u1eddng khi v\u1eabn gi\u00fap gi\u1eef \u0111\u01b0\u1ee3c \u0111\u1ed9 ch\u00ednh x\u00e1c 100% t\u1ef7 l\u1ec7 k\u00edch th\u01b0\u1edbc cho d\u1ef1 \u00e1n c\u1ee7a b\u1ea1n.<\/li>\n<li>Cung c\u1ea5p kho th\u01b0 vi\u1ec7n thi\u1ebft k\u1ebf 3D Warehouse: L\u00e0 m\u1ed9t kho l\u01b0u tr\u1eef c\u00e1c t\u1ec7p m\u00f4 h\u00ecnh 3D \u0111\u01b0\u1ee3c chia s\u1ebb b\u1edfi c\u1ed9ng \u0111\u1ed3ng SketchUp. \u0110i\u1ec1u n\u00e0y gi\u00fap ng\u01b0\u1eddi d\u00f9ng t\u00ecm ki\u1ebfm v\u00e0 c\u00f3 th\u1ec3 t\u1ea3i v\u1ec1 c\u00e1c m\u00f4 h\u00ecnh 3D c\u00f3 s\u1eb5n \u0111\u1ec3 s\u1eed d\u1ee5ng ho\u1eb7c ch\u1ec9nh s\u1eeda \u0111\u1ec3 ph\u00f9 h\u1ee3p v\u1edbi nhu c\u1ea7u c\u1ee7a m\u00ecnh. C\u00e1c m\u00f4 h\u00ecnh \u0111\u01b0\u1ee3c t\u1ea3i l\u00ean v\u00e0 chia s\u1ebb trong 3D Warehouse l\u00e0 mi\u1ec5n ph\u00ed cho ng\u01b0\u1eddi d\u00f9ng SketchUp.<\/li>\n<\/ol>\n<p>Tuy nhi\u00ean, m\u1ed9t \u0111i\u1ec3m h\u1ea1n ch\u1ebf c\u1ee7a SketchUp l\u00e0 phi\u00ean b\u1ea3n mi\u1ec5n ph\u00ed c\u1ee7a ph\u1ea7n m\u1ec1m c\u00f3 c\u00e1c t\u00ednh n\u0103ng c\u01a1 b\u1ea3n, n\u1ebfu mu\u1ed1n s\u1eed d\u1ee5ng c\u00e1c t\u00ednh n\u0103ng n\u00e2ng cao h\u01a1n th\u00ec ng\u01b0\u1eddi d\u00f9ng c\u1ea7n ph\u1ea3i \u0111\u1ea7u t\u01b0 v\u00e0o phi\u00ean b\u1ea3n tr\u1ea3 ph\u00ed.<\/p>\t\t\t\t\t\t<\/div>\n\t\t\t\t<\/div>\n\t\t\t\t\t<\/div>\n\t\t<\/div>\n\t\t\t\t\t\t\t<\/div>\n\t\t<\/section>\n\t\t\t\t\t\t\t<\/div>\n\t\t","protected":false},"excerpt":{"rendered":"<p>Th\u00f4ng tin kho\u00e1 h\u1ecdc sketchup &#8211; Vray \u01afU \u0110\u00c3I GI\u1ea2M 15% H\u1eccC PH\u00cd&nbsp; Khai gi\u1ea3ng: 02\/03\/2026 ( Mi\u1ec5n ph\u00ed gi\u00e1o tr\u00ecnh, th\u01b0 vi\u1ec7n, t\u00e0i li\u1ec7u ) \u0110\u1ed1i t\u01b0\u1ee3ng tham gia: D\u00e0nh cho ng\u01b0\u1edfi m\u1edbi b\u1eaft \u0111\u1ea7u, kh\u00f4ng c\u1ea7n kinh nghi\u1ec7m, b\u1eb1ng c\u1ea5p Th\u1eddi l\u01b0\u1ee3ng kh\u00f3a h\u1ecdc:&nbsp; 28h&nbsp; ( Sketchup 14b, Vray Sketchup 12b ) Th\u1eddi [&hellip;]<\/p>\n","protected":false},"author":1,"featured_media":0,"parent":0,"menu_order":0,"comment_status":"closed","ping_status":"closed","template":"","meta":[],"_links":{"self":[{"href":"http:\/\/dohoakientruc.vn\/index.php\/wp-json\/wp\/v2\/pages\/49"}],"collection":[{"href":"http:\/\/dohoakientruc.vn\/index.php\/wp-json\/wp\/v2\/pages"}],"about":[{"href":"http:\/\/dohoakientruc.vn\/index.php\/wp-json\/wp\/v2\/types\/page"}],"author":[{"embeddable":true,"href":"http:\/\/dohoakientruc.vn\/index.php\/wp-json\/wp\/v2\/users\/1"}],"replies":[{"embeddable":true,"href":"http:\/\/dohoakientruc.vn\/index.php\/wp-json\/wp\/v2\/comments?post=49"}],"version-history":[{"count":89,"href":"http:\/\/dohoakientruc.vn\/index.php\/wp-json\/wp\/v2\/pages\/49\/revisions"}],"predecessor-version":[{"id":924,"href":"http:\/\/dohoakientruc.vn\/index.php\/wp-json\/wp\/v2\/pages\/49\/revisions\/924"}],"wp:attachment":[{"href":"http:\/\/dohoakientruc.vn\/index.php\/wp-json\/wp\/v2\/media?parent=49"}],"curies":[{"name":"wp","href":"https:\/\/api.w.org\/{rel}","templated":true}]}}