{"id":26,"date":"2022-03-18T09:52:13","date_gmt":"2022-03-18T09:52:13","guid":{"rendered":"http:\/\/dohoakientruc.vn\/?page_id=26"},"modified":"2026-02-06T16:22:48","modified_gmt":"2026-02-06T16:22:48","slug":"hoa-vien-kien-truc","status":"publish","type":"page","link":"http:\/\/dohoakientruc.vn\/index.php\/hoa-vien-kien-truc\/","title":{"rendered":"H\u1ecda Vi\u00ean Ki\u1ebfn Tr\u00fac"},"content":{"rendered":"\t\t<div data-elementor-type=\"wp-page\" data-elementor-id=\"26\" class=\"elementor elementor-26\">\n\t\t\t\t\t\t\t\t\t<section class=\"elementor-section elementor-top-section elementor-element elementor-element-02ef30a elementor-section-boxed elementor-section-height-default elementor-section-height-default\" data-id=\"02ef30a\" data-element_type=\"section\">\n\t\t\t\t\t\t<div class=\"elementor-container elementor-column-gap-default\">\n\t\t\t\t\t<div class=\"elementor-column elementor-col-100 elementor-top-column elementor-element elementor-element-c90c2ec\" data-id=\"c90c2ec\" data-element_type=\"column\">\n\t\t\t<div class=\"elementor-widget-wrap elementor-element-populated\">\n\t\t\t\t\t\t\t\t<div class=\"elementor-element elementor-element-6cbbda3 elementor-widget elementor-widget-heading\" data-id=\"6cbbda3\" data-element_type=\"widget\" data-widget_type=\"heading.default\">\n\t\t\t\t<div class=\"elementor-widget-container\">\n\t\t\t<style>\/*! elementor - v3.12.2 - 23-04-2023 *\/\n.elementor-heading-title{padding:0;margin:0;line-height:1}.elementor-widget-heading .elementor-heading-title[class*=elementor-size-]>a{color:inherit;font-size:inherit;line-height:inherit}.elementor-widget-heading .elementor-heading-title.elementor-size-small{font-size:15px}.elementor-widget-heading .elementor-heading-title.elementor-size-medium{font-size:19px}.elementor-widget-heading .elementor-heading-title.elementor-size-large{font-size:29px}.elementor-widget-heading .elementor-heading-title.elementor-size-xl{font-size:39px}.elementor-widget-heading .elementor-heading-title.elementor-size-xxl{font-size:59px}<\/style><h5 class=\"elementor-heading-title elementor-size-default\">B\u1ea0N MU\u1ed0N TR\u1ede TH\u00c0NH HO\u1ea0 VI\u00caN KI\u1ebeN TR\u00daC ? <\/h5>\t\t<\/div>\n\t\t\t\t<\/div>\n\t\t\t\t\t<\/div>\n\t\t<\/div>\n\t\t\t\t\t\t\t<\/div>\n\t\t<\/section>\n\t\t\t\t<section class=\"elementor-section elementor-top-section elementor-element elementor-element-641a23a elementor-section-boxed elementor-section-height-default elementor-section-height-default\" data-id=\"641a23a\" data-element_type=\"section\">\n\t\t\t\t\t\t<div class=\"elementor-container elementor-column-gap-default\">\n\t\t\t\t\t<div class=\"elementor-column elementor-col-100 elementor-top-column elementor-element elementor-element-68c74a4\" data-id=\"68c74a4\" data-element_type=\"column\">\n\t\t\t<div class=\"elementor-widget-wrap elementor-element-populated\">\n\t\t\t\t\t\t\t\t<div class=\"elementor-element elementor-element-db75582 elementor-widget elementor-widget-text-editor\" data-id=\"db75582\" data-element_type=\"widget\" data-widget_type=\"text-editor.default\">\n\t\t\t\t<div class=\"elementor-widget-container\">\n\t\t\t<style>\/*! elementor - v3.12.2 - 23-04-2023 *\/\n.elementor-widget-text-editor.elementor-drop-cap-view-stacked .elementor-drop-cap{background-color:#69727d;color:#fff}.elementor-widget-text-editor.elementor-drop-cap-view-framed .elementor-drop-cap{color:#69727d;border:3px solid;background-color:transparent}.elementor-widget-text-editor:not(.elementor-drop-cap-view-default) .elementor-drop-cap{margin-top:8px}.elementor-widget-text-editor:not(.elementor-drop-cap-view-default) .elementor-drop-cap-letter{width:1em;height:1em}.elementor-widget-text-editor .elementor-drop-cap{float:left;text-align:center;line-height:1;font-size:50px}.elementor-widget-text-editor .elementor-drop-cap-letter{display:inline-block}<\/style>\t\t\t\t<p><strong>Tr\u1edf<\/strong><strong> th\u00e0nh Ho\u1ea1 vi\u00ean ki\u1ebfn tr\u00fac kh\u00f4ng kh\u00f3 ! H\u00e3y \u0111\u1ec3 Trung t\u00e2m DOA lo.<\/strong><\/p>\t\t\t\t\t\t<\/div>\n\t\t\t\t<\/div>\n\t\t\t\t\t<\/div>\n\t\t<\/div>\n\t\t\t\t\t\t\t<\/div>\n\t\t<\/section>\n\t\t\t\t<section class=\"elementor-section elementor-top-section elementor-element elementor-element-f1b0f60 elementor-section-boxed elementor-section-height-default elementor-section-height-default\" data-id=\"f1b0f60\" data-element_type=\"section\">\n\t\t\t\t\t\t<div class=\"elementor-container elementor-column-gap-default\">\n\t\t\t\t\t<div class=\"elementor-column elementor-col-100 elementor-top-column elementor-element elementor-element-5d085fc\" data-id=\"5d085fc\" data-element_type=\"column\">\n\t\t\t<div class=\"elementor-widget-wrap elementor-element-populated\">\n\t\t\t\t\t\t\t\t<div class=\"elementor-element elementor-element-b682f15 elementor-widget elementor-widget-heading\" data-id=\"b682f15\" data-element_type=\"widget\" data-widget_type=\"heading.default\">\n\t\t\t\t<div class=\"elementor-widget-container\">\n\t\t\t<h2 class=\"elementor-heading-title elementor-size-small\"><p><b>Khi tham gia \u0111\u0103ng k\u00fd kho\u00e1 h\u1ecdc HO\u1ea0 VI\u00caN KI\u1ebeN TR\u00daC t\u1ea1i trung t\u00e2m DOA, b\u1ea1n s\u1ebd c\u00f3 c\u01a1 h\u1ed9i nh\u1eadn \u01b0u \u0111\u00e3i c\u1ef1c HOT&nbsp;<\/b><\/p><p><b>GI\u1ea2M 20-26% H\u1eccC PH\u00cd KH\u00d3A H\u1eccC <\/b><\/p><br><p><b>Khai gi\u1ea3ng: 02\/03\/2026<\/b><\/p><p><em><b>( Mi\u1ec5n ph\u00ed gi\u00e1o tr\u00ecnh, th\u01b0 vi\u1ec7n, t\u00e0i li\u1ec7u )<\/b><\/em><\/p><p><b>\u0110\u1ed1i t\u01b0\u1ee3ng tham gia: D\u00e0nh cho ng\u01b0\u1edfi m\u1edbi b\u1eaft \u0111\u1ea7u, kh\u00f4ng c\u1ea7n kinh nghi\u1ec7m, b\u1eb1ng c\u1ea5p<\/b><\/p><p><b>Th\u1eddi l\u01b0\u1ee3ng kh\u00f3a h\u1ecdc: 4-5 th\u00e1ng<\/b><\/p><p><b>Th\u1eddi gian h\u1ecdc: 18h30 \u0111\u1ebfn 20h30 ( t\u1ed1i 2-4-6 ho\u1eb7c 3-5-7 )<\/b><\/p><p><b>\u0110\u1ecba ch\u1ec9 h\u1ecdc: 82 \u0110\u01b0\u1eddng Ho\u00e0ng Di\u1ec7u 2, Ph\u01b0\u1eddng Linh Chi\u1ec3u , TP. Th\u1ee7 \u0110\u1ee9c, HCM<\/b><\/p><span style=\"color: var( --e-global-color-primary ); font-family: var( --e-global-typography-primary-font-family ), Sans-serif; font-size: 2.625rem;\"><b>Hotline: 0906 367 097 (Zalo)<\/b><\/span><\/h2>\t\t<\/div>\n\t\t\t\t<\/div>\n\t\t\t\t\t<\/div>\n\t\t<\/div>\n\t\t\t\t\t\t\t<\/div>\n\t\t<\/section>\n\t\t\t\t<section class=\"elementor-section elementor-top-section elementor-element elementor-element-66cc250 elementor-section-boxed elementor-section-height-default elementor-section-height-default\" data-id=\"66cc250\" data-element_type=\"section\">\n\t\t\t\t\t\t<div class=\"elementor-container elementor-column-gap-default\">\n\t\t\t\t\t<div class=\"elementor-column elementor-col-100 elementor-top-column elementor-element elementor-element-8f89c16\" data-id=\"8f89c16\" data-element_type=\"column\">\n\t\t\t<div class=\"elementor-widget-wrap elementor-element-populated\">\n\t\t\t\t\t\t\t\t<div class=\"elementor-element elementor-element-3f78367 elementor-widget elementor-widget-heading\" data-id=\"3f78367\" data-element_type=\"widget\" data-widget_type=\"heading.default\">\n\t\t\t\t<div class=\"elementor-widget-container\">\n\t\t\t<h5 class=\"elementor-heading-title elementor-size-default\">Ho\u1ea1 vi\u00ean ki\u1ebfn tr\u00fac L\u00c0 G\u00cc ?<\/h5>\t\t<\/div>\n\t\t\t\t<\/div>\n\t\t\t\t\t<\/div>\n\t\t<\/div>\n\t\t\t\t\t\t\t<\/div>\n\t\t<\/section>\n\t\t\t\t<section class=\"elementor-section elementor-top-section elementor-element elementor-element-3e424a0 elementor-section-boxed elementor-section-height-default elementor-section-height-default\" data-id=\"3e424a0\" data-element_type=\"section\">\n\t\t\t\t\t\t<div class=\"elementor-container elementor-column-gap-default\">\n\t\t\t\t\t<div class=\"elementor-column elementor-col-100 elementor-top-column elementor-element elementor-element-c140638\" data-id=\"c140638\" data-element_type=\"column\">\n\t\t\t<div class=\"elementor-widget-wrap elementor-element-populated\">\n\t\t\t\t\t\t\t\t<div class=\"elementor-element elementor-element-2e47f22 elementor-widget elementor-widget-text-editor\" data-id=\"2e47f22\" data-element_type=\"widget\" data-widget_type=\"text-editor.default\">\n\t\t\t\t<div class=\"elementor-widget-container\">\n\t\t\t\t\t\t\t<div class=\"value\">Ho\u1ea1 vi\u00ean ki\u1ebfn tr\u00fac ng\u01b0\u1eddi c\u00f3 nhi\u1ec7m v\u1ee5 l\u00e0m vi\u1ec7c v\u00e0 ho\u00e0n thi\u1ec7n c\u00e1c b\u1ea3n v\u1ebd ki\u1ebfn tr\u00fac v\u00e0 b\u1ea3n v\u1ebd k\u1ebft c\u1ea5u c\u00f4ng tr\u00ecnh. H\u1ecd s\u1ebd truy\u1ec1n t\u1ea3i c\u00e1c \u00fd t\u01b0\u1edfng t\u1eeb b\u1ea3n th\u1ea3o s\u01a1 ph\u00e1c c\u1ee7a ki\u1ebfn tr\u00fac s\u01b0 \u0111\u1ebfn c\u00e1c b\u1ea3n v\u1ebd k\u1ef9 thu\u1eadt v\u1edbi \u0111\u1ea7y \u0111\u1ee7 h\u00ecnh d\u00e1ng, c\u1ea5u tr\u00fac \u0111\u1ebfn c\u00e1c v\u1eadt li\u1ec7u x\u00e2y d\u1ef1ng, ho\u00e0n thi\u1ec7n s\u1eed d\u1ee5ng \u0111\u1ec3 t\u1ea1o n\u00ean c\u00f4ng tr\u00ecnh ho\u00e0n h\u1ea3o. Ho\u1ea1 vi\u00ean ki\u1ebfn tr\u00fac c\u00f3 th\u1ec3 l\u00e0m vi\u1ec7c r\u1ed9ng r\u00e3i trong l\u0129nh v\u1ef1c ki\u1ebfn tr\u00fac, n\u1ed9i th\u1ea5t, x\u00e2y d\u1ef1ng, quy ho\u1ea1ch \u0111\u00f4 th\u1ecb,&#8230;<\/div><p>\u00a0<\/p>\t\t\t\t\t\t<\/div>\n\t\t\t\t<\/div>\n\t\t\t\t\t<\/div>\n\t\t<\/div>\n\t\t\t\t\t\t\t<\/div>\n\t\t<\/section>\n\t\t\t\t<section class=\"elementor-section elementor-top-section elementor-element elementor-element-c562aaf elementor-section-boxed elementor-section-height-default elementor-section-height-default\" data-id=\"c562aaf\" data-element_type=\"section\">\n\t\t\t\t\t\t<div class=\"elementor-container elementor-column-gap-default\">\n\t\t\t\t\t<div class=\"elementor-column elementor-col-100 elementor-top-column elementor-element elementor-element-d0f8f7a\" data-id=\"d0f8f7a\" data-element_type=\"column\">\n\t\t\t<div class=\"elementor-widget-wrap elementor-element-populated\">\n\t\t\t\t\t\t\t\t<div class=\"elementor-element elementor-element-782a1b3 elementor-widget elementor-widget-video\" data-id=\"782a1b3\" data-element_type=\"widget\" data-settings=\"{&quot;video_type&quot;:&quot;hosted&quot;,&quot;controls&quot;:&quot;yes&quot;}\" data-widget_type=\"video.default\">\n\t\t\t\t<div class=\"elementor-widget-container\">\n\t\t\t<style>\/*! elementor - v3.12.2 - 23-04-2023 *\/\n.elementor-widget-video .elementor-widget-container{overflow:hidden;transform:translateZ(0)}.elementor-widget-video .elementor-wrapper iframe,.elementor-widget-video .elementor-wrapper video{height:100%;width:100%;display:flex;border:none;background-color:#000}.elementor-widget-video .elementor-open-inline .elementor-custom-embed-image-overlay{position:absolute;top:0;left:0;width:100%;height:100%;background-size:cover;background-position:50%}.elementor-widget-video .elementor-custom-embed-image-overlay{cursor:pointer;text-align:center}.elementor-widget-video .elementor-custom-embed-image-overlay:hover .elementor-custom-embed-play i{opacity:1}.elementor-widget-video .elementor-custom-embed-image-overlay img{display:block;width:100%}.elementor-widget-video .e-hosted-video .elementor-video{-o-object-fit:cover;object-fit:cover}.e-con-inner>.elementor-widget-video,.e-con>.elementor-widget-video{width:var(--container-widget-width);--flex-grow:var(--container-widget-flex-grow)}<\/style>\t\t<div class=\"e-hosted-video elementor-wrapper elementor-open-inline\">\n\t\t\t\t\t<video class=\"elementor-video\" src=\"http:\/\/dohoakientruc.vn\/wp-content\/uploads\/2024\/07\/98f81a33-2d8e-4d20-bb6d-f54631f4efdf.mp4\" controls=\"\" preload=\"metadata\" controlsList=\"nodownload\"><\/video>\n\t\t\t\t<\/div>\n\t\t\t\t<\/div>\n\t\t\t\t<\/div>\n\t\t\t\t\t<\/div>\n\t\t<\/div>\n\t\t\t\t\t\t\t<\/div>\n\t\t<\/section>\n\t\t\t\t<section class=\"elementor-section elementor-top-section elementor-element elementor-element-68b47a6 elementor-section-boxed elementor-section-height-default elementor-section-height-default\" data-id=\"68b47a6\" data-element_type=\"section\">\n\t\t\t\t\t\t<div class=\"elementor-container elementor-column-gap-default\">\n\t\t\t\t\t<div class=\"elementor-column elementor-col-100 elementor-top-column elementor-element elementor-element-5b39e67\" data-id=\"5b39e67\" data-element_type=\"column\">\n\t\t\t<div class=\"elementor-widget-wrap elementor-element-populated\">\n\t\t\t\t\t\t\t\t<div class=\"elementor-element elementor-element-9cefa8f elementor-widget elementor-widget-heading\" data-id=\"9cefa8f\" data-element_type=\"widget\" data-widget_type=\"heading.default\">\n\t\t\t\t<div class=\"elementor-widget-container\">\n\t\t\t<h5 class=\"elementor-heading-title elementor-size-default\">m\u1ed9t s\u1ed1 k\u1ef9 n\u0103ng c\u1ea7n c\u00f3 c\u1ee7a ho\u1ea1 vi\u00ean ki\u1ebfn tr\u00fac ?<\/h5>\t\t<\/div>\n\t\t\t\t<\/div>\n\t\t\t\t\t<\/div>\n\t\t<\/div>\n\t\t\t\t\t\t\t<\/div>\n\t\t<\/section>\n\t\t\t\t<section class=\"elementor-section elementor-top-section elementor-element elementor-element-de1d57c elementor-section-boxed elementor-section-height-default elementor-section-height-default\" data-id=\"de1d57c\" data-element_type=\"section\">\n\t\t\t\t\t\t<div class=\"elementor-container elementor-column-gap-default\">\n\t\t\t\t\t<div class=\"elementor-column elementor-col-100 elementor-top-column elementor-element elementor-element-e743c20\" data-id=\"e743c20\" data-element_type=\"column\">\n\t\t\t<div class=\"elementor-widget-wrap elementor-element-populated\">\n\t\t\t\t\t\t\t\t<div class=\"elementor-element elementor-element-1f598d8 elementor-widget elementor-widget-text-editor\" data-id=\"1f598d8\" data-element_type=\"widget\" data-widget_type=\"text-editor.default\">\n\t\t\t\t<div class=\"elementor-widget-container\">\n\t\t\t\t\t\t\t<p>Khi tham gia \u0111\u0103ng k\u00fd kho\u00e1 h\u1ecdc HO\u1ea0 VI\u00caN KI\u1ebeN TR\u00daC t\u1ea1i trung t\u00e2m DOA, b\u1ea1n s\u1ebd c\u00f3 c\u01a1 h\u1ed9i nh\u1eadn \u01b0u \u0111\u00e3i c\u1ef1c HOT&nbsp;<\/p>\n<p>GI\u1ea2M 20-26% H\u1eccC PH\u00cd KH\u00d3A H\u1eccC<\/p>\n<p>Khai gi\u1ea3ng: 02\/03\/2026<\/p>\n<p>H\u1ecdc ph\u00ed: 13.0tr\/ kh\u00f3a&nbsp;<\/p>\n<p><em>( Mi\u1ec5n ph\u00ed gi\u00e1o tr\u00ecnh, th\u01b0 vi\u1ec7n, t\u00e0i li\u1ec7u )<\/em><\/p>\n<p>\u0110\u1ed1i t\u01b0\u1ee3ng tham gia: D\u00e0nh cho ng\u01b0\u1edfi m\u1edbi b\u1eaft \u0111\u1ea7u, kh\u00f4ng c\u1ea7n kinh nghi\u1ec7m, b\u1eb1ng c\u1ea5p<\/p>\n<p>Th\u1eddi l\u01b0\u1ee3ng kh\u00f3a h\u1ecdc: 4-5 th\u00e1ng<\/p>\n<p>Th\u1eddi gian h\u1ecdc: 18h30 \u0111\u1ebfn 20h30 ( t\u1ed1i 2-4-6 ho\u1eb7c 3-5-7 )<\/p>\n<p>\u0110\u1ecba ch\u1ec9 h\u1ecdc: 82 \u0110\u01b0\u1eddng Ho\u00e0ng Di\u1ec7u 2, Ph\u01b0\u1eddng Linh Chi\u1ec3u , TP. Th\u1ee7 \u0110\u1ee9c, HCM<\/p>\n<p>Hotline: 0906 367 097 ( Zalo )<\/p>\t\t\t\t\t\t<\/div>\n\t\t\t\t<\/div>\n\t\t\t\t<div class=\"elementor-element elementor-element-bfb4f44 elementor-widget elementor-widget-text-editor\" data-id=\"bfb4f44\" data-element_type=\"widget\" data-widget_type=\"text-editor.default\">\n\t\t\t\t<div class=\"elementor-widget-container\">\n\t\t\t\t\t\t\t<p>M\u1ed9t s\u1ed1 k\u1ef9 n\u0103ng c\u1ea7n c\u00f3 \u1edf m\u1ed9t ho\u1ea1 vi\u00ean ki\u1ebfn tr\u00fac \u0111\u1ec3 c\u00f3 th\u1ec3 l\u00e0m vi\u1ec7c hi\u1ec7u qu\u1ea3 v\u00e0 \u0111\u1ea1t \u0111\u01b0\u1ee3c k\u1ebft qu\u1ea3 t\u1ed1t nh\u1ea5t:<\/p><ol><li><p>K\u1ef9 n\u0103ng \u0111\u1ed3 h\u1ecda: Ho\u1ea1 vi\u00ean ki\u1ebfn tr\u00fac c\u1ea7n c\u00f3 k\u1ef9 n\u0103ng s\u1eed d\u1ee5ng c\u00e1c ph\u1ea7n m\u1ec1m \u0111\u1ed3 h\u1ecda v\u00e0 thi\u1ebft k\u1ebf nh\u01b0 Autocad, SketchUp, 3ds Max, Photoshop,&#8230; \u0111\u1ec3 t\u1ea1o ra c\u00e1c b\u1ea3n v\u1ebd, m\u00f4 h\u00ecnh v\u00e0 thi\u1ebft k\u1ebf cho c\u00e1c c\u00f4ng tr\u00ecnh ki\u1ebfn tr\u00fac.<\/p><\/li><li><p>Ki\u1ebfn th\u1ee9c chuy\u00ean m\u00f4n: Ho\u1ea1 vi\u00ean ki\u1ebfn tr\u00fac c\u1ea7n c\u00f3 ki\u1ebfn th\u1ee9c v\u1ec1 c\u00e1c nguy\u00ean l\u00fd thi\u1ebft k\u1ebf ki\u1ebfn tr\u00fac, ti\u00eau chu\u1ea9n x\u00e2y d\u1ef1ng, quy tr\u00ecnh thi\u1ebft k\u1ebf v\u00e0 c\u00e1c k\u1ef9 thu\u1eadt x\u00e2y d\u1ef1ng \u0111\u1ec3 c\u00f3 th\u1ec3 t\u1ea1o ra c\u00e1c thi\u1ebft k\u1ebf chuy\u00ean nghi\u1ec7p v\u00e0 ti\u00ean ti\u1ebfn.<\/p><\/li><li><p>K\u1ef9 n\u0103ng h\u00ecnh dung kh\u00f4ng gian: Ho\u1ea1 vi\u00ean ki\u1ebfn tr\u00fac c\u1ea7n c\u00f3 kh\u1ea3 n\u0103ng h\u00ecnh dung kh\u00f4ng gian v\u00e0 t\u01b0\u1edfng t\u01b0\u1ee3ng 3D \u0111\u1ec3 c\u00f3 th\u1ec3 t\u1ea1o ra c\u00e1c thi\u1ebft k\u1ebf ki\u1ebfn tr\u00fac th\u1ef1c t\u1ebf v\u00e0 t\u01b0\u01a1ng t\u00e1c v\u1edbi kh\u00e1ch h\u00e0ng.<\/p><\/li><li><p>K\u1ef9 n\u0103ng giao ti\u1ebfp: Ho\u1ea1 vi\u00ean ki\u1ebfn tr\u00fac c\u1ea7n c\u00f3 k\u1ef9 n\u0103ng giao ti\u1ebfp v\u00e0 l\u00e0m vi\u1ec7c nh\u00f3m t\u1ed1t, \u0111\u1ec3 c\u00f3 th\u1ec3 hi\u1ec3u v\u00e0 th\u1ea5u hi\u1ec3u nhu c\u1ea7u c\u1ee7a kh\u00e1ch h\u00e0ng v\u00e0 l\u00e0m vi\u1ec7c hi\u1ec7u qu\u1ea3 v\u1edbi c\u00e1c th\u00e0nh vi\u00ean kh\u00e1c trong d\u1ef1 \u00e1n.<\/p><\/li><li><p>S\u1ef1 s\u00e1ng t\u1ea1o: Ho\u1ea1 vi\u00ean ki\u1ebfn tr\u00fac c\u1ea7n c\u00f3 t\u00ednh s\u00e1ng t\u1ea1o v\u00e0 kh\u1ea3 n\u0103ng t\u1ea1o ra c\u00e1c \u00fd t\u01b0\u1edfng m\u1edbi l\u1ea1, \u0111\u1ec3 t\u1ea1o ra c\u00e1c thi\u1ebft k\u1ebf \u0111\u01a1n gi\u1ea3n v\u00e0 h\u1ea5p d\u1eabn cho kh\u00e1ch h\u00e0ng.<\/p><\/li><li><p>K\u1ef9 n\u0103ng qu\u1ea3n l\u00fd d\u1ef1 \u00e1n: Ho\u1ea1 vi\u00ean ki\u1ebfn tr\u00fac c\u1ea7n c\u00f3 kh\u1ea3 n\u0103ng l\u1eadp k\u1ebf ho\u1ea1ch, t\u1ed5 ch\u1ee9c v\u00e0 \u0111i\u1ec1u ph\u1ed1i c\u00f4ng vi\u1ec7c \u0111\u1ec3 qu\u1ea3n l\u00fd d\u1ef1 \u00e1n ki\u1ebfn tr\u00fac m\u1ed9t c\u00e1ch hi\u1ec7u qu\u1ea3 v\u00e0 \u0111\u1ea1t \u0111\u01b0\u1ee3c k\u1ebft qu\u1ea3 t\u1ed1t nh\u1ea5t.<\/p><\/li><\/ol><p>T\u1ea5t c\u1ea3 c\u00e1c k\u1ef9 n\u0103ng tr\u00ean \u0111\u1ec1u r\u1ea5t quan tr\u1ecdng \u0111\u1ed1i v\u1edbi m\u1ed9t ho\u1ea1 vi\u00ean ki\u1ebfn tr\u00fac v\u00e0 c\u00f3 th\u1ec3 gi\u00fap h\u1ecd c\u00f3 \u0111\u01b0\u1ee3c s\u1ef1 nghi\u1ec7p th\u00e0nh c\u00f4ng trong l\u0129nh v\u1ef1c thi\u1ebft k\u1ebf ki\u1ebfn tr\u00fac.<\/p>\t\t\t\t\t\t<\/div>\n\t\t\t\t<\/div>\n\t\t\t\t\t<\/div>\n\t\t<\/div>\n\t\t\t\t\t\t\t<\/div>\n\t\t<\/section>\n\t\t\t\t<section class=\"elementor-section elementor-top-section elementor-element elementor-element-c66f37b elementor-section-boxed elementor-section-height-default elementor-section-height-default\" data-id=\"c66f37b\" data-element_type=\"section\">\n\t\t\t\t\t\t<div class=\"elementor-container elementor-column-gap-default\">\n\t\t\t\t\t<div class=\"elementor-column elementor-col-100 elementor-top-column elementor-element elementor-element-d1c799a\" data-id=\"d1c799a\" data-element_type=\"column\">\n\t\t\t<div class=\"elementor-widget-wrap elementor-element-populated\">\n\t\t\t\t\t\t\t\t<div class=\"elementor-element elementor-element-be68a47 elementor-widget elementor-widget-heading\" data-id=\"be68a47\" data-element_type=\"widget\" data-widget_type=\"heading.default\">\n\t\t\t\t<div class=\"elementor-widget-container\">\n\t\t\t<h5 class=\"elementor-heading-title elementor-size-default\">M\u1ee8C THU NH\u1eacP C\u1ee6A HO\u1ea0 VI\u00caN KI\u1ebeN TR\u00daC ?<\/h5>\t\t<\/div>\n\t\t\t\t<\/div>\n\t\t\t\t\t<\/div>\n\t\t<\/div>\n\t\t\t\t\t\t\t<\/div>\n\t\t<\/section>\n\t\t\t\t<section class=\"elementor-section elementor-top-section elementor-element elementor-element-c8191b4 elementor-section-boxed elementor-section-height-default elementor-section-height-default\" data-id=\"c8191b4\" data-element_type=\"section\">\n\t\t\t\t\t\t<div class=\"elementor-container elementor-column-gap-default\">\n\t\t\t\t\t<div class=\"elementor-column elementor-col-100 elementor-top-column elementor-element elementor-element-9dcc91c\" data-id=\"9dcc91c\" data-element_type=\"column\">\n\t\t\t<div class=\"elementor-widget-wrap elementor-element-populated\">\n\t\t\t\t\t\t\t\t<div class=\"elementor-element elementor-element-2a2a19a elementor-widget elementor-widget-text-editor\" data-id=\"2a2a19a\" data-element_type=\"widget\" data-widget_type=\"text-editor.default\">\n\t\t\t\t<div class=\"elementor-widget-container\">\n\t\t\t\t\t\t\t<p>Khi b\u1ea1n \u0111\u00e3 trang b\u1ecb \u0111\u1ee7 ki\u1ebfn th\u1ee9c v\u00e0 k\u1ef9 n\u0103ng s\u1eed d\u1ee5ng ph\u1ea7n m\u1ec1m khai tri\u1ec3n t\u1ed1t, m\u1ee9c l\u01b0\u01a1ng kh\u1edfi \u0111i\u1ec3m ban \u0111\u1ea7u c\u1ee7a ho\u1ea1 vi\u00ean ki\u1ebfn tr\u00fac s\u1ebd dao \u0111\u1ed9ng t\u1eeb kho\u1ea3ng 8-10tr\/ th\u00e1ng. Tuy nhi\u00ean, n\u1ebfu \u0111\u00e3 c\u00f3 kinh nghi\u1ec7m v\u00e0 tay ngh\u1ec1 v\u1eefng ch\u1eafc th\u00ec ch\u1ec9 sau m\u1ed9t n\u0103m, m\u1ee9c thu nh\u1eadp c\u1ee7a b\u1ea1n c\u00f3 th\u1ec3 l\u00ean \u0111\u1ebfn 10-15tr\/ th\u00e1ng.<\/p><p>Ch\u1ec9 c\u1ea7n \u0111\u1ea7u t\u01b0 m\u1ed9t kho\u1ea3n nh\u1ecf v\u00e0o kho\u00e1 h\u1ecdc ho\u1ea1 vi\u00ean ki\u1ebfn tr\u00fac v\u00e0 ch\u1ec9 v\u1edbi 4 th\u00e1ng \u0111\u00e0o t\u1ea1o, b\u1ea1n \u0111\u00e3 c\u00f3 th\u1ec3 thu v\u1ec1 cho m\u00ecnh m\u1ee9c thu nh\u1eadp kh\u1ee7ng trong t\u01b0\u01a1ng lai. Chi ph\u00ed \u0111\u1ea7u t\u01b0 th\u1ea5p nh\u01b0ng \u0111\u1ea7u ra v\u1edbi m\u1ee9c l\u01b0\u01a1ng cao th\u00ec c\u00f2n ng\u1ea7n ng\u1ea1i g\u00ec kh\u00f4ng \u0111\u0103ng k\u00fd kho\u00e1 h\u1ecdc t\u1ea1i Trung t\u00e2m \u0111\u1ed3 ho\u1ea1 ki\u1ebfn tr\u00fac DOA \u0111\u00fang kh\u00f4ng n\u00e0o !!!<\/p>\t\t\t\t\t\t<\/div>\n\t\t\t\t<\/div>\n\t\t\t\t\t<\/div>\n\t\t<\/div>\n\t\t\t\t\t\t\t<\/div>\n\t\t<\/section>\n\t\t\t\t<section class=\"elementor-section elementor-top-section elementor-element elementor-element-98cc505 elementor-section-boxed elementor-section-height-default elementor-section-height-default\" data-id=\"98cc505\" data-element_type=\"section\">\n\t\t\t\t\t\t<div class=\"elementor-container elementor-column-gap-default\">\n\t\t\t\t\t<div class=\"elementor-column elementor-col-50 elementor-top-column elementor-element elementor-element-4524aa3\" data-id=\"4524aa3\" data-element_type=\"column\">\n\t\t\t<div class=\"elementor-widget-wrap elementor-element-populated\">\n\t\t\t\t\t\t\t\t<div class=\"elementor-element elementor-element-e86c30e elementor-widget elementor-widget-image\" data-id=\"e86c30e\" data-element_type=\"widget\" data-widget_type=\"image.default\">\n\t\t\t\t<div class=\"elementor-widget-container\">\n\t\t\t<style>\/*! elementor - v3.12.2 - 23-04-2023 *\/\n.elementor-widget-image{text-align:center}.elementor-widget-image a{display:inline-block}.elementor-widget-image a img[src$=\".svg\"]{width:48px}.elementor-widget-image img{vertical-align:middle;display:inline-block}<\/style>\t\t\t\t\t\t\t\t\t<figure class=\"wp-caption\">\n\t\t\t\t\t\t\t\t\t\t<img decoding=\"async\" width=\"1000\" height=\"750\" src=\"http:\/\/dohoakientruc.vn\/wp-content\/uploads\/2024\/07\/z5042519345785_9870ba7414c26593da1033838b5a279b.jpg\" class=\"attachment-large size-large wp-image-825\" alt=\"\" loading=\"lazy\" srcset=\"http:\/\/dohoakientruc.vn\/wp-content\/uploads\/2024\/07\/z5042519345785_9870ba7414c26593da1033838b5a279b.jpg 1000w, http:\/\/dohoakientruc.vn\/wp-content\/uploads\/2024\/07\/z5042519345785_9870ba7414c26593da1033838b5a279b-300x225.jpg 300w, http:\/\/dohoakientruc.vn\/wp-content\/uploads\/2024\/07\/z5042519345785_9870ba7414c26593da1033838b5a279b-768x576.jpg 768w, http:\/\/dohoakientruc.vn\/wp-content\/uploads\/2024\/07\/z5042519345785_9870ba7414c26593da1033838b5a279b-600x450.jpg 600w\" sizes=\"(max-width: 1000px) 100vw, 1000px\" \/>\t\t\t\t\t\t\t\t\t\t\t<figcaption class=\"widget-image-caption wp-caption-text\">H\u1ecda Vi\u00ean: H\u01b0ng<\/figcaption>\n\t\t\t\t\t\t\t\t\t\t<\/figure>\n\t\t\t\t\t\t\t\t\t<\/div>\n\t\t\t\t<\/div>\n\t\t\t\t\t<\/div>\n\t\t<\/div>\n\t\t\t\t<div class=\"elementor-column elementor-col-50 elementor-top-column elementor-element elementor-element-f7c6a0b\" data-id=\"f7c6a0b\" data-element_type=\"column\">\n\t\t\t<div class=\"elementor-widget-wrap elementor-element-populated\">\n\t\t\t\t\t\t\t\t<div class=\"elementor-element elementor-element-b5e5058 elementor-widget elementor-widget-image\" data-id=\"b5e5058\" data-element_type=\"widget\" data-widget_type=\"image.default\">\n\t\t\t\t<div class=\"elementor-widget-container\">\n\t\t\t\t\t\t\t\t\t\t\t\t<figure class=\"wp-caption\">\n\t\t\t\t\t\t\t\t\t\t<img decoding=\"async\" width=\"1000\" height=\"750\" src=\"http:\/\/dohoakientruc.vn\/wp-content\/uploads\/2024\/07\/z5042519324938_2db73086e97668a906b41c1f52c1c821.jpg\" class=\"attachment-large size-large wp-image-824\" alt=\"\" loading=\"lazy\" srcset=\"http:\/\/dohoakientruc.vn\/wp-content\/uploads\/2024\/07\/z5042519324938_2db73086e97668a906b41c1f52c1c821.jpg 1000w, http:\/\/dohoakientruc.vn\/wp-content\/uploads\/2024\/07\/z5042519324938_2db73086e97668a906b41c1f52c1c821-300x225.jpg 300w, http:\/\/dohoakientruc.vn\/wp-content\/uploads\/2024\/07\/z5042519324938_2db73086e97668a906b41c1f52c1c821-768x576.jpg 768w, http:\/\/dohoakientruc.vn\/wp-content\/uploads\/2024\/07\/z5042519324938_2db73086e97668a906b41c1f52c1c821-600x450.jpg 600w\" sizes=\"(max-width: 1000px) 100vw, 1000px\" \/>\t\t\t\t\t\t\t\t\t\t\t<figcaption class=\"widget-image-caption wp-caption-text\">H\u1ecda Vi\u00ean: H\u01b0ng<\/figcaption>\n\t\t\t\t\t\t\t\t\t\t<\/figure>\n\t\t\t\t\t\t\t\t\t<\/div>\n\t\t\t\t<\/div>\n\t\t\t\t\t<\/div>\n\t\t<\/div>\n\t\t\t\t\t\t\t<\/div>\n\t\t<\/section>\n\t\t\t\t\t\t\t<\/div>\n\t\t","protected":false},"excerpt":{"rendered":"<p>B\u1ea0N MU\u1ed0N TR\u1ede TH\u00c0NH HO\u1ea0 VI\u00caN KI\u1ebeN TR\u00daC ? Tr\u1edf th\u00e0nh Ho\u1ea1 vi\u00ean ki\u1ebfn tr\u00fac kh\u00f4ng kh\u00f3 ! H\u00e3y \u0111\u1ec3 Trung t\u00e2m DOA lo. Khi tham gia \u0111\u0103ng k\u00fd kho\u00e1 h\u1ecdc HO\u1ea0 VI\u00caN KI\u1ebeN TR\u00daC t\u1ea1i trung t\u00e2m DOA, b\u1ea1n s\u1ebd c\u00f3 c\u01a1 h\u1ed9i nh\u1eadn \u01b0u \u0111\u00e3i c\u1ef1c HOT&nbsp; GI\u1ea2M 20-26% H\u1eccC PH\u00cd KH\u00d3A H\u1eccC [&hellip;]<\/p>\n","protected":false},"author":1,"featured_media":0,"parent":0,"menu_order":0,"comment_status":"closed","ping_status":"closed","template":"","meta":[],"_links":{"self":[{"href":"http:\/\/dohoakientruc.vn\/index.php\/wp-json\/wp\/v2\/pages\/26"}],"collection":[{"href":"http:\/\/dohoakientruc.vn\/index.php\/wp-json\/wp\/v2\/pages"}],"about":[{"href":"http:\/\/dohoakientruc.vn\/index.php\/wp-json\/wp\/v2\/types\/page"}],"author":[{"embeddable":true,"href":"http:\/\/dohoakientruc.vn\/index.php\/wp-json\/wp\/v2\/users\/1"}],"replies":[{"embeddable":true,"href":"http:\/\/dohoakientruc.vn\/index.php\/wp-json\/wp\/v2\/comments?post=26"}],"version-history":[{"count":98,"href":"http:\/\/dohoakientruc.vn\/index.php\/wp-json\/wp\/v2\/pages\/26\/revisions"}],"predecessor-version":[{"id":921,"href":"http:\/\/dohoakientruc.vn\/index.php\/wp-json\/wp\/v2\/pages\/26\/revisions\/921"}],"wp:attachment":[{"href":"http:\/\/dohoakientruc.vn\/index.php\/wp-json\/wp\/v2\/media?parent=26"}],"curies":[{"name":"wp","href":"https:\/\/api.w.org\/{rel}","templated":true}]}}