{"id":22,"date":"2022-03-18T09:51:03","date_gmt":"2022-03-18T09:51:03","guid":{"rendered":"http:\/\/dohoakientruc.vn\/?page_id=22"},"modified":"2026-02-06T16:26:45","modified_gmt":"2026-02-06T16:26:45","slug":"vray","status":"publish","type":"page","link":"http:\/\/dohoakientruc.vn\/index.php\/vray\/","title":{"rendered":"Vray"},"content":{"rendered":"\t\t<div data-elementor-type=\"wp-page\" data-elementor-id=\"22\" class=\"elementor elementor-22\">\n\t\t\t\t\t\t\t\t\t<section class=\"elementor-section elementor-top-section elementor-element elementor-element-24f9a27 elementor-section-boxed elementor-section-height-default elementor-section-height-default\" data-id=\"24f9a27\" data-element_type=\"section\">\n\t\t\t\t\t\t<div class=\"elementor-container elementor-column-gap-default\">\n\t\t\t\t\t<div class=\"elementor-column elementor-col-100 elementor-top-column elementor-element elementor-element-9229542\" data-id=\"9229542\" data-element_type=\"column\">\n\t\t\t<div class=\"elementor-widget-wrap elementor-element-populated\">\n\t\t\t\t\t\t\t\t<div class=\"elementor-element elementor-element-7c2bdd3 elementor-widget elementor-widget-heading\" data-id=\"7c2bdd3\" data-element_type=\"widget\" data-widget_type=\"heading.default\">\n\t\t\t\t<div class=\"elementor-widget-container\">\n\t\t\t<style>\/*! elementor - v3.12.2 - 23-04-2023 *\/\n.elementor-heading-title{padding:0;margin:0;line-height:1}.elementor-widget-heading .elementor-heading-title[class*=elementor-size-]>a{color:inherit;font-size:inherit;line-height:inherit}.elementor-widget-heading .elementor-heading-title.elementor-size-small{font-size:15px}.elementor-widget-heading .elementor-heading-title.elementor-size-medium{font-size:19px}.elementor-widget-heading .elementor-heading-title.elementor-size-large{font-size:29px}.elementor-widget-heading .elementor-heading-title.elementor-size-xl{font-size:39px}.elementor-widget-heading .elementor-heading-title.elementor-size-xxl{font-size:59px}<\/style><h5 class=\"elementor-heading-title elementor-size-default\">Th\u00f4ng tin kho\u00e1 h\u1ecdc vray t\u1ea1i doa<\/h5>\t\t<\/div>\n\t\t\t\t<\/div>\n\t\t\t\t\t<\/div>\n\t\t<\/div>\n\t\t\t\t\t\t\t<\/div>\n\t\t<\/section>\n\t\t\t\t<section class=\"elementor-section elementor-top-section elementor-element elementor-element-552f39e2 elementor-section-boxed elementor-section-height-default elementor-section-height-default\" data-id=\"552f39e2\" data-element_type=\"section\">\n\t\t\t\t\t\t<div class=\"elementor-container elementor-column-gap-default\">\n\t\t\t\t\t<div class=\"elementor-column elementor-col-100 elementor-top-column elementor-element elementor-element-46200669\" data-id=\"46200669\" data-element_type=\"column\">\n\t\t\t<div class=\"elementor-widget-wrap elementor-element-populated\">\n\t\t\t\t\t\t\t\t<div class=\"elementor-element elementor-element-24a0412a elementor-widget elementor-widget-text-editor\" data-id=\"24a0412a\" data-element_type=\"widget\" data-widget_type=\"text-editor.default\">\n\t\t\t\t<div class=\"elementor-widget-container\">\n\t\t\t<style>\/*! elementor - v3.12.2 - 23-04-2023 *\/\n.elementor-widget-text-editor.elementor-drop-cap-view-stacked .elementor-drop-cap{background-color:#69727d;color:#fff}.elementor-widget-text-editor.elementor-drop-cap-view-framed .elementor-drop-cap{color:#69727d;border:3px solid;background-color:transparent}.elementor-widget-text-editor:not(.elementor-drop-cap-view-default) .elementor-drop-cap{margin-top:8px}.elementor-widget-text-editor:not(.elementor-drop-cap-view-default) .elementor-drop-cap-letter{width:1em;height:1em}.elementor-widget-text-editor .elementor-drop-cap{float:left;text-align:center;line-height:1;font-size:50px}.elementor-widget-text-editor .elementor-drop-cap-letter{display:inline-block}<\/style>\t\t\t\t<p><!-- wp:paragraph --><\/p>\n<p><strong><em>\u01afU \u0110\u00c3I GI\u1ea2M 15% H\u1eccC PH\u00cd\u00a0<\/em><\/strong><\/p>\n<p><!-- \/wp:paragraph --><\/p>\n<p><!-- wp:paragraph --><\/p>\n<p>Opening ceremony: \u0110ang di\u1ec5n ra<\/p>\n<p><!-- wp:paragraph --><\/p>\n<p>H\u1ecdc ph\u00ed: 4,6tr\/ kh\u00f3a<\/p>\n<p><!-- \/wp:paragraph --><\/p>\n<p><!-- wp:paragraph --><\/p>\n<p><em>( Mi\u1ec5n ph\u00ed gi\u00e1o tr\u00ecnh, th\u01b0 vi\u1ec7n, t\u00e0i li\u1ec7u )<\/em><\/p>\n<p><!-- \/wp:paragraph --><\/p>\n<p><!-- wp:paragraph --><\/p>\n<p>\u0110\u1ed1i t\u01b0\u1ee3ng tham gia: D\u00e0nh cho ng\u01b0\u1eddi m\u1edbi b\u1eaft \u0111\u1ea7u, kh\u00f4ng c\u1ea7n kinh nghi\u1ec7m, b\u1eb1ng c\u1ea5p<\/p>\n<p><!-- \/wp:paragraph --><\/p>\n<p><!-- wp:paragraph --><\/p>\n<p>Th\u1eddi l\u01b0\u1ee3ng kh\u00f3a h\u1ecdc: 9 bu\u1ed5i ( m\u1ed7i bu\u1ed5i 2 ti\u1ebfng )<\/p>\n<p><!-- \/wp:paragraph --><\/p>\n<p><!-- wp:paragraph --><\/p>\n<p>Th\u1eddi gian h\u1ecdc: 18h30 \u0111\u1ebfn 20h30 ( t\u1ed1i 2-4-6 ho\u1eb7c 3-5-7 )<\/p>\n<p><!-- \/wp:paragraph --><\/p>\n<p><!-- wp:image {\"id\":422,\"sizeSlug\":\"large\",\"linkDestination\":\"none\"} --><\/p>\n<figure class=\"wp-block-image size-large\"><img decoding=\"async\" loading=\"lazy\" width=\"1024\" height=\"724\" class=\"wp-image-422\" src=\"http:\/\/dohoakientruc.vn\/wp-content\/uploads\/2023\/05\/z2048053974050_9269b9f82f5c5e4b7fe04e90b7b09c9c-1024x724.jpg\" alt=\"\" srcset=\"http:\/\/dohoakientruc.vn\/wp-content\/uploads\/2023\/05\/z2048053974050_9269b9f82f5c5e4b7fe04e90b7b09c9c-1024x724.jpg 1024w, http:\/\/dohoakientruc.vn\/wp-content\/uploads\/2023\/05\/z2048053974050_9269b9f82f5c5e4b7fe04e90b7b09c9c-300x212.jpg 300w, http:\/\/dohoakientruc.vn\/wp-content\/uploads\/2023\/05\/z2048053974050_9269b9f82f5c5e4b7fe04e90b7b09c9c-768x543.jpg 768w, http:\/\/dohoakientruc.vn\/wp-content\/uploads\/2023\/05\/z2048053974050_9269b9f82f5c5e4b7fe04e90b7b09c9c-1536x1086.jpg 1536w, http:\/\/dohoakientruc.vn\/wp-content\/uploads\/2023\/05\/z2048053974050_9269b9f82f5c5e4b7fe04e90b7b09c9c-600x424.jpg 600w, http:\/\/dohoakientruc.vn\/wp-content\/uploads\/2023\/05\/z2048053974050_9269b9f82f5c5e4b7fe04e90b7b09c9c.jpg 2000w\" sizes=\"(max-width: 1024px) 100vw, 1024px\" \/><\/figure>\n<p><!-- \/wp:image --><\/p>\n<p><!-- wp:paragraph --><\/p>\n<p>\u0110\u1ecba ch\u1ec9 h\u1ecdc: 82 \u0110\u01b0\u1eddng Ho\u00e0ng Di\u1ec7u 2, Ph\u01b0\u1eddng Linh Chi\u1ec3u , TP. Th\u1ee7 \u0110\u1ee9c, HCM<\/p>\n<p><!-- \/wp:paragraph --><\/p>\n<p><!-- wp:paragraph --><\/p>\n<p>Hotline: 0906 367 097 ( Zalo )<\/p>\n<p><!-- \/wp:paragraph --><\/p>\t\t\t\t\t\t<\/div>\n\t\t\t\t<\/div>\n\t\t\t\t\t<\/div>\n\t\t<\/div>\n\t\t\t\t\t\t\t<\/div>\n\t\t<\/section>\n\t\t\t\t<section class=\"elementor-section elementor-top-section elementor-element elementor-element-c988fb9 elementor-section-boxed elementor-section-height-default elementor-section-height-default\" data-id=\"c988fb9\" data-element_type=\"section\">\n\t\t\t\t\t\t<div class=\"elementor-container elementor-column-gap-default\">\n\t\t\t\t\t<div class=\"elementor-column elementor-col-100 elementor-top-column elementor-element elementor-element-9db79fc\" data-id=\"9db79fc\" data-element_type=\"column\">\n\t\t\t<div class=\"elementor-widget-wrap elementor-element-populated\">\n\t\t\t\t\t\t\t\t<div class=\"elementor-element elementor-element-c4e5d16 elementor-widget elementor-widget-heading\" data-id=\"c4e5d16\" data-element_type=\"widget\" data-widget_type=\"heading.default\">\n\t\t\t\t<div class=\"elementor-widget-container\">\n\t\t\t<h5 class=\"elementor-heading-title elementor-size-default\">Ph\u1ea7n m\u1ec1m vray l\u00e0 g\u00ec ?<\/h5>\t\t<\/div>\n\t\t\t\t<\/div>\n\t\t\t\t\t<\/div>\n\t\t<\/div>\n\t\t\t\t\t\t\t<\/div>\n\t\t<\/section>\n\t\t\t\t<section class=\"elementor-section elementor-top-section elementor-element elementor-element-25c65ad elementor-section-boxed elementor-section-height-default elementor-section-height-default\" data-id=\"25c65ad\" data-element_type=\"section\">\n\t\t\t\t\t\t<div class=\"elementor-container elementor-column-gap-default\">\n\t\t\t\t\t<div class=\"elementor-column elementor-col-100 elementor-top-column elementor-element elementor-element-083e32e\" data-id=\"083e32e\" data-element_type=\"column\">\n\t\t\t<div class=\"elementor-widget-wrap elementor-element-populated\">\n\t\t\t\t\t\t\t\t<div class=\"elementor-element elementor-element-689e1bf elementor-widget elementor-widget-text-editor\" data-id=\"689e1bf\" data-element_type=\"widget\" data-widget_type=\"text-editor.default\">\n\t\t\t\t<div class=\"elementor-widget-container\">\n\t\t\t\t\t\t\t<p>V-Ray (vi\u1ebft t\u1eaft c\u1ee7a Visual-Ray) l\u00e0 m\u1ed9t ph\u1ea7n m\u1ec1m k\u1ebft xu\u1ea5t (rendering) 3D \u0111\u01b0\u1ee3c s\u1eed d\u1ee5ng trong ng\u00e0nh c\u00f4ng nghi\u1ec7p \u0111\u1ed3 h\u1ecda chuy\u00ean nghi\u1ec7p, \u0111\u01b0\u1ee3c ph\u00e1t tri\u1ec3n b\u1edfi c\u00f4ng ty Chaos Group. V-Ray cung c\u1ea5p m\u1ed9t lo\u1ea1t c\u00e1c c\u00f4ng c\u1ee5 v\u00e0 t\u00ednh n\u0103ng ti\u00ean ti\u1ebfn \u0111\u1ec3 t\u1ea1o ra nh\u1eefng s\u1ea3n ph\u1ea9m \u0111\u1eb9p v\u00e0 ch\u1ea5t l\u01b0\u1ee3ng cao trong thi\u1ebft k\u1ebf ki\u1ebfn tr\u00fac, tr\u00f2 ch\u01a1i, phim v\u00e0 qu\u1ea3ng c\u00e1o. Ph\u1ea7n m\u1ec1m n\u00e0y \u0111\u01b0\u1ee3c t\u00edch h\u1ee3p v\u1edbi nhi\u1ec1u ph\u1ea7n m\u1ec1m \u0111\u1ed3 h\u1ecda 3D nh\u01b0 3ds Max, SketchUp, Rhino, Maya v\u00e0 nhi\u1ec1u h\u01a1n n\u1eefa. V-Ray s\u1eed d\u1ee5ng c\u00f4ng ngh\u1ec7 k\u1ebft xu\u1ea5t theo ph\u01b0\u01a1ng ph\u00e1p &#8220;path tracing&#8221; v\u00e0 &#8220;photon mapping&#8221; \u0111\u1ec3 t\u1ea1o ra c\u00e1c h\u00ecnh \u1ea3nh v\u00e0 video 3D ch\u00e2n th\u1ef1c v\u00e0 sinh \u0111\u1ed9ng.<\/p>\t\t\t\t\t\t<\/div>\n\t\t\t\t<\/div>\n\t\t\t\t\t<\/div>\n\t\t<\/div>\n\t\t\t\t\t\t\t<\/div>\n\t\t<\/section>\n\t\t\t\t<section class=\"elementor-section elementor-top-section elementor-element elementor-element-c9bb659 elementor-section-content-top elementor-section-boxed elementor-section-height-default elementor-section-height-default\" data-id=\"c9bb659\" data-element_type=\"section\">\n\t\t\t\t\t\t<div class=\"elementor-container elementor-column-gap-default\">\n\t\t\t\t\t<div class=\"elementor-column elementor-col-100 elementor-top-column elementor-element elementor-element-1f06dbb\" data-id=\"1f06dbb\" data-element_type=\"column\">\n\t\t\t<div class=\"elementor-widget-wrap elementor-element-populated\">\n\t\t\t\t\t\t\t\t<div class=\"elementor-element elementor-element-c142409 elementor-widget elementor-widget-image\" data-id=\"c142409\" data-element_type=\"widget\" data-widget_type=\"image.default\">\n\t\t\t\t<div class=\"elementor-widget-container\">\n\t\t\t<style>\/*! elementor - v3.12.2 - 23-04-2023 *\/\n.elementor-widget-image{text-align:center}.elementor-widget-image a{display:inline-block}.elementor-widget-image a img[src$=\".svg\"]{width:48px}.elementor-widget-image img{vertical-align:middle;display:inline-block}<\/style>\t\t\t\t\t\t\t\t\t\t\t\t<img decoding=\"async\" width=\"866\" height=\"650\" src=\"http:\/\/dohoakientruc.vn\/wp-content\/uploads\/2023\/05\/v-ray6931.jpg\" class=\"attachment-large size-large wp-image-318\" alt=\"\" loading=\"lazy\" srcset=\"http:\/\/dohoakientruc.vn\/wp-content\/uploads\/2023\/05\/v-ray6931.jpg 866w, http:\/\/dohoakientruc.vn\/wp-content\/uploads\/2023\/05\/v-ray6931-300x225.jpg 300w, http:\/\/dohoakientruc.vn\/wp-content\/uploads\/2023\/05\/v-ray6931-768x576.jpg 768w, http:\/\/dohoakientruc.vn\/wp-content\/uploads\/2023\/05\/v-ray6931-600x450.jpg 600w\" sizes=\"(max-width: 866px) 100vw, 866px\" \/>\t\t\t\t\t\t\t\t\t\t\t\t\t\t\t<\/div>\n\t\t\t\t<\/div>\n\t\t\t\t\t<\/div>\n\t\t<\/div>\n\t\t\t\t\t\t\t<\/div>\n\t\t<\/section>\n\t\t\t\t<section class=\"elementor-section elementor-top-section elementor-element elementor-element-f943619 elementor-section-boxed elementor-section-height-default elementor-section-height-default\" data-id=\"f943619\" data-element_type=\"section\">\n\t\t\t\t\t\t<div class=\"elementor-container elementor-column-gap-default\">\n\t\t\t\t\t<div class=\"elementor-column elementor-col-100 elementor-top-column elementor-element elementor-element-f855f75\" data-id=\"f855f75\" data-element_type=\"column\">\n\t\t\t<div class=\"elementor-widget-wrap elementor-element-populated\">\n\t\t\t\t\t\t\t\t<div class=\"elementor-element elementor-element-d3cc26a elementor-widget elementor-widget-heading\" data-id=\"d3cc26a\" data-element_type=\"widget\" data-widget_type=\"heading.default\">\n\t\t\t\t<div class=\"elementor-widget-container\">\n\t\t\t<h5 class=\"elementor-heading-title elementor-size-default\">C\u00e1c \u01b0u \u0111i\u1ec3m n\u1ed5i tr\u1ed9i c\u1ee7a VRAY <\/h5>\t\t<\/div>\n\t\t\t\t<\/div>\n\t\t\t\t\t<\/div>\n\t\t<\/div>\n\t\t\t\t\t\t\t<\/div>\n\t\t<\/section>\n\t\t\t\t<section class=\"elementor-section elementor-top-section elementor-element elementor-element-70934e1 elementor-section-boxed elementor-section-height-default elementor-section-height-default\" data-id=\"70934e1\" data-element_type=\"section\">\n\t\t\t\t\t\t<div class=\"elementor-container elementor-column-gap-default\">\n\t\t\t\t\t<div class=\"elementor-column elementor-col-100 elementor-top-column elementor-element elementor-element-ed79bc1\" data-id=\"ed79bc1\" data-element_type=\"column\">\n\t\t\t<div class=\"elementor-widget-wrap elementor-element-populated\">\n\t\t\t\t\t\t\t\t<div class=\"elementor-element elementor-element-0e86162 elementor-widget elementor-widget-text-editor\" data-id=\"0e86162\" data-element_type=\"widget\" data-widget_type=\"text-editor.default\">\n\t\t\t\t<div class=\"elementor-widget-container\">\n\t\t\t\t\t\t\t<ol>\n<li>\n<p>Ch\u1ea5t l\u01b0\u1ee3ng \u0111\u1ed3 h\u1ecda cao: Vray cung c\u1ea5p m\u1ed9t ch\u1ea5t l\u01b0\u1ee3ng \u0111\u1ed3 h\u1ecda cao, v\u1edbi kh\u1ea3 n\u0103ng t\u1ea1o ra c\u00e1c h\u00ecnh \u1ea3nh, \u0111\u1ed1i t\u01b0\u1ee3ng v\u00e0 video 3D ch\u00e2n th\u1ef1c v\u00e0 sinh \u0111\u1ed9ng.<\/p>\n<\/li>\n<li>\n<p>T\u00edch h\u1ee3p v\u1edbi nhi\u1ec1u \u1ee9ng d\u1ee5ng \u0111\u1ed3 h\u1ecda 3D: Vray t\u00edch h\u1ee3p v\u1edbi nhi\u1ec1u ph\u1ea7n m\u1ec1m \u0111\u1ed3 h\u1ecda 3D nh\u01b0 3ds Max, SketchUp, Rhino, Maya, v\u00e0 nhi\u1ec1u h\u01a1n n\u1eefa.<\/p>\n<\/li>\n<li>\n<p>D\u1ec5 s\u1eed d\u1ee5ng: Ph\u1ea7n m\u1ec1m Vray c\u00f3 giao di\u1ec7n \u0111\u01a1n gi\u1ea3n v\u00e0 d\u1ec5 s\u1eed d\u1ee5ng, \u0111\u1ed3ng th\u1eddi cung c\u1ea5p nhi\u1ec1u c\u00f4ng c\u1ee5 h\u1ed7 tr\u1ee3 cho ng\u01b0\u1eddi d\u00f9ng.<\/p>\n<\/li>\n<li>\n<p>T\u1ed1c \u0111\u1ed9 k\u1ebft xu\u1ea5t nhanh: Vray c\u00f3 t\u1ed1c \u0111\u1ed9 k\u1ebft xu\u1ea5t kh\u00e1 nhanh, gi\u00fap ti\u1ebft ki\u1ec7m th\u1eddi gian cho c\u00e1c d\u1ef1 \u00e1n \u0111\u1ed3 h\u1ecda.<\/p>\n<\/li>\n<li>\n<p>\u0110\u1ed9 tin c\u1eady cao: Ph\u1ea7n m\u1ec1m Vray \u0111\u01b0\u1ee3c \u0111\u00e1nh gi\u00e1 l\u00e0 r\u1ea5t \u0111\u00e1ng tin c\u1eady, c\u00f3 kh\u1ea3 n\u0103ng x\u1eed l\u00fd c\u00e1c t\u00e1c v\u1ee5 \u0111\u1ed3 h\u1ecda kh\u00f3 kh\u0103n.<\/p>\n<\/li>\n<li>\n<p>H\u1ed7 tr\u1ee3 cho c\u00e1c t\u00e1c v\u1ee5 \u0111\u1ed3 h\u1ecda n\u00e2ng cao: Vray cung c\u1ea5p nhi\u1ec1u t\u00ednh n\u0103ng chuy\u00ean s\u00e2u \u0111\u1ec3 h\u1ed7 tr\u1ee3 s\u1ea3n xu\u1ea5t h\u00ecnh \u1ea3nh, \u0111\u1ed1i t\u01b0\u1ee3ng v\u00e0 video 3D ph\u1ee9c t\u1ea1p.<\/p>\n<\/li>\n<li>\n<p>H\u1ed7 tr\u1ee3 cho c\u00e1c \u1ee9ng d\u1ee5ng kh\u00e1c nhau: Vray c\u00f3 th\u1ec3 \u0111\u01b0\u1ee3c s\u1eed d\u1ee5ng cho nhi\u1ec1u \u1ee9ng d\u1ee5ng kh\u00e1c nhau bao g\u1ed3m thi\u1ebft k\u1ebf ki\u1ebfn tr\u00fac, tr\u00f2 ch\u01a1i, phim v\u00e0 qu\u1ea3ng c\u00e1o.<\/p>\n<\/li>\n<li>\n<p>Kh\u1ea3 n\u0103ng t\u00f9y ch\u1ec9nh cao: Vray cung c\u1ea5p nhi\u1ec1u t\u00f9y ch\u1ec9nh \u0111\u1ec3 ng\u01b0\u1eddi d\u00f9ng c\u00f3 th\u1ec3 tu\u1ef3 ch\u1ec9nh c\u00e1c t\u00ednh n\u0103ng \u0111\u1ec3 ph\u00f9 h\u1ee3p v\u1edbi nhu c\u1ea7u s\u1ea3n xu\u1ea5t c\u1ee7a h\u1ecd.<\/p>\n<\/li>\n<li>\n<p>H\u1ed7 tr\u1ee3 cho c\u00e1c d\u1ef1 \u00e1n l\u1edbn: Vray c\u00f3 kh\u1ea3 n\u0103ng x\u1eed l\u00fd c\u00e1c d\u1ef1 \u00e1n l\u1edbn v\u00e0 ph\u1ee9c t\u1ea1p m\u1ed9t c\u00e1ch hi\u1ec7u qu\u1ea3.<\/p>\n<\/li>\n<li>\n<p>H\u1ed7 tr\u1ee3 ng\u00f4n ng\u1eef nhi\u1ec1u qu\u1ed1c gia: Ph\u1ea7n m\u1ec1m Vray \u0111\u01b0\u1ee3c h\u1ed7 tr\u1ee3 b\u1eb1ng nhi\u1ec1u ng\u00f4n ng\u1eef kh\u00e1c nhau, gi\u00fap ng\u01b0\u1eddi d\u00f9ng tr\u00ean kh\u1eafp th\u1ebf gi\u1edbi s\u1eed d\u1ee5ng n\u00f3 m\u1ed9t c\u00e1ch d\u1ec5 d\u00e0ng.<\/p>\n<\/li>\n<\/ol>\t\t\t\t\t\t<\/div>\n\t\t\t\t<\/div>\n\t\t\t\t\t<\/div>\n\t\t<\/div>\n\t\t\t\t\t\t\t<\/div>\n\t\t<\/section>\n\t\t\t\t\t\t\t<\/div>\n\t\t","protected":false},"excerpt":{"rendered":"<p>Th\u00f4ng tin kho\u00e1 h\u1ecdc vray t\u1ea1i doa \u01afU \u0110\u00c3I GI\u1ea2M 15% H\u1eccC PH\u00cd\u00a0<\/p>\n","protected":false},"author":1,"featured_media":0,"parent":0,"menu_order":0,"comment_status":"closed","ping_status":"closed","template":"","meta":[],"_links":{"self":[{"href":"http:\/\/dohoakientruc.vn\/index.php\/wp-json\/wp\/v2\/pages\/22"}],"collection":[{"href":"http:\/\/dohoakientruc.vn\/index.php\/wp-json\/wp\/v2\/pages"}],"about":[{"href":"http:\/\/dohoakientruc.vn\/index.php\/wp-json\/wp\/v2\/types\/page"}],"author":[{"embeddable":true,"href":"http:\/\/dohoakientruc.vn\/index.php\/wp-json\/wp\/v2\/users\/1"}],"replies":[{"embeddable":true,"href":"http:\/\/dohoakientruc.vn\/index.php\/wp-json\/wp\/v2\/comments?post=22"}],"version-history":[{"count":52,"href":"http:\/\/dohoakientruc.vn\/index.php\/wp-json\/wp\/v2\/pages\/22\/revisions"}],"predecessor-version":[{"id":933,"href":"http:\/\/dohoakientruc.vn\/index.php\/wp-json\/wp\/v2\/pages\/22\/revisions\/933"}],"wp:attachment":[{"href":"http:\/\/dohoakientruc.vn\/index.php\/wp-json\/wp\/v2\/media?parent=22"}],"curies":[{"name":"wp","href":"https:\/\/api.w.org\/{rel}","templated":true}]}}